{"id":29068,"date":"2023-07-16T21:27:09","date_gmt":"2023-07-16T19:27:09","guid":{"rendered":"http:\/\/sarasfashionacademy.com\/reset-password\/"},"modified":"2023-07-16T21:27:09","modified_gmt":"2023-07-16T19:27:09","slug":"reset-password","status":"publish","type":"page","link":"https:\/\/sarasfashionacademy.com\/fr\/reset-password\/","title":{"rendered":"Reset Password"},"content":{"rendered":"<div class=\"learndash-wrap\"><div class=\"learndash-wrapper\">\n\t\t<div class=\"learndash-wrapper\">\n\t\t<div id=\"learndash-reset-password-wrapper\" >\n\t\t\t\t\t\t\t<form action=\"\" method=\"POST\">\n\t\t\t\t\t<p>\n\t\t\t\t\t\t<label for=\"reset_password\">Username or Email Address<\/label>\n\t\t\t\t\t\t<input type=\"text\" name=\"user_login\" id=\"user_login\" autocapitalize=\"off\" autocomplete=\"off\" \/>\n\t\t\t\t\t\t<input type=\"hidden\" id=\"learndash-reset-password-form-nonce\" name=\"learndash-reset-password-form-nonce\" value=\"d4b9468e4c\" \/><input type=\"hidden\" name=\"_wp_http_referer\" value=\"\/fr\/wp-json\/wp\/v2\/pages\/29068\" \/>\t\t\t\t\t<\/p>\n\t\t\t\t\t<input type=\"submit\" value=\"Reset Password\"\/>\n\t\t\t\t<\/form>\n\t\t\t\t\t\t<\/div>\n\t<\/div>\n\t<\/div>","protected":false},"excerpt":{"rendered":"","protected":false},"author":1,"featured_media":0,"parent":0,"menu_order":0,"comment_status":"closed","ping_status":"closed","template":"","meta":{"_et_pb_use_builder":"","_et_pb_old_content":"","_et_gb_content_width":"","footnotes":""},"class_list":["post-29068","page","type-page","status-publish","hentry"],"yoast_head":"<!-- This site is optimized with the Yoast SEO plugin v27.3 - https:\/\/yoast.com\/product\/yoast-seo-wordpress\/ -->\n<title>Reset Password - Sarasfashionacademy.com<\/title>\n<meta name=\"robots\" content=\"index, follow, max-snippet:-1, max-image-preview:large, max-video-preview:-1\" \/>\n<link rel=\"canonical\" href=\"https:\/\/sarasfashionacademy.com\/reset-password\/\" \/>\n<meta property=\"og:locale\" content=\"fr_FR\" \/>\n<meta property=\"og:type\" content=\"article\" \/>\n<meta property=\"og:title\" content=\"Reset Password - Sarasfashionacademy.com\" \/>\n<meta property=\"og:url\" content=\"https:\/\/sarasfashionacademy.com\/reset-password\/\" \/>\n<meta property=\"og:site_name\" content=\"Sarasfashionacademy.com\" \/>\n<meta property=\"article:publisher\" content=\"https:\/\/www.facebook.com\/sarasfashionacademy\" \/>\n<meta name=\"twitter:card\" content=\"summary_large_image\" \/>\n<script type=\"application\/ld+json\" class=\"yoast-schema-graph\">{\"@context\":\"https:\\\/\\\/schema.org\",\"@graph\":[{\"@type\":\"WebPage\",\"@id\":\"https:\\\/\\\/sarasfashionacademy.com\\\/reset-password\\\/\",\"url\":\"https:\\\/\\\/sarasfashionacademy.com\\\/reset-password\\\/\",\"name\":\"Reset Password - Sarasfashionacademy.com\",\"isPartOf\":{\"@id\":\"https:\\\/\\\/sarasfashionacademy.com\\\/#website\"},\"datePublished\":\"2023-07-16T19:27:09+00:00\",\"breadcrumb\":{\"@id\":\"https:\\\/\\\/sarasfashionacademy.com\\\/reset-password\\\/#breadcrumb\"},\"inLanguage\":\"fr-FR\",\"potentialAction\":[{\"@type\":\"ReadAction\",\"target\":[\"https:\\\/\\\/sarasfashionacademy.com\\\/reset-password\\\/\"]}]},{\"@type\":\"BreadcrumbList\",\"@id\":\"https:\\\/\\\/sarasfashionacademy.com\\\/reset-password\\\/#breadcrumb\",\"itemListElement\":[{\"@type\":\"ListItem\",\"position\":1,\"name\":\"Accueil\",\"item\":\"https:\\\/\\\/sarasfashionacademy.com\\\/fr\\\/\"},{\"@type\":\"ListItem\",\"position\":2,\"name\":\"Reset Password\"}]},{\"@type\":\"WebSite\",\"@id\":\"https:\\\/\\\/sarasfashionacademy.com\\\/#website\",\"url\":\"https:\\\/\\\/sarasfashionacademy.com\\\/\",\"name\":\"Sarasfashionacademy.com\",\"description\":\"R\u00e9alise ton r\u00eave en propulsant ta carri\u00e8re de mannequin professionnel.\",\"publisher\":{\"@id\":\"https:\\\/\\\/sarasfashionacademy.com\\\/#organization\"},\"potentialAction\":[{\"@type\":\"SearchAction\",\"target\":{\"@type\":\"EntryPoint\",\"urlTemplate\":\"https:\\\/\\\/sarasfashionacademy.com\\\/?s={search_term_string}\"},\"query-input\":{\"@type\":\"PropertyValueSpecification\",\"valueRequired\":true,\"valueName\":\"search_term_string\"}}],\"inLanguage\":\"fr-FR\"},{\"@type\":\"Organization\",\"@id\":\"https:\\\/\\\/sarasfashionacademy.com\\\/#organization\",\"name\":\"Sarasfashionacademy.com\",\"url\":\"https:\\\/\\\/sarasfashionacademy.com\\\/\",\"logo\":{\"@type\":\"ImageObject\",\"inLanguage\":\"fr-FR\",\"@id\":\"https:\\\/\\\/sarasfashionacademy.com\\\/#\\\/schema\\\/logo\\\/image\\\/\",\"url\":\"https:\\\/\\\/sarasfashionacademy.com\\\/wp-content\\\/uploads\\\/2023\\\/09\\\/cropped-Logo-Saras-1.jpg\",\"contentUrl\":\"https:\\\/\\\/sarasfashionacademy.com\\\/wp-content\\\/uploads\\\/2023\\\/09\\\/cropped-Logo-Saras-1.jpg\",\"width\":512,\"height\":512,\"caption\":\"Sarasfashionacademy.com\"},\"image\":{\"@id\":\"https:\\\/\\\/sarasfashionacademy.com\\\/#\\\/schema\\\/logo\\\/image\\\/\"},\"sameAs\":[\"https:\\\/\\\/www.facebook.com\\\/sarasfashionacademy\",\"https:\\\/\\\/www.instagram.com\\\/sarasfashionacademy\"]}]}<\/script>\n<!-- \/ Yoast SEO plugin. -->","yoast_head_json":{"title":"Reset Password - Sarasfashionacademy.com","robots":{"index":"index","follow":"follow","max-snippet":"max-snippet:-1","max-image-preview":"max-image-preview:large","max-video-preview":"max-video-preview:-1"},"canonical":"https:\/\/sarasfashionacademy.com\/reset-password\/","og_locale":"fr_FR","og_type":"article","og_title":"Reset Password - Sarasfashionacademy.com","og_url":"https:\/\/sarasfashionacademy.com\/reset-password\/","og_site_name":"Sarasfashionacademy.com","article_publisher":"https:\/\/www.facebook.com\/sarasfashionacademy","twitter_card":"summary_large_image","schema":{"@context":"https:\/\/schema.org","@graph":[{"@type":"WebPage","@id":"https:\/\/sarasfashionacademy.com\/reset-password\/","url":"https:\/\/sarasfashionacademy.com\/reset-password\/","name":"Reset Password - Sarasfashionacademy.com","isPartOf":{"@id":"https:\/\/sarasfashionacademy.com\/#website"},"datePublished":"2023-07-16T19:27:09+00:00","breadcrumb":{"@id":"https:\/\/sarasfashionacademy.com\/reset-password\/#breadcrumb"},"inLanguage":"fr-FR","potentialAction":[{"@type":"ReadAction","target":["https:\/\/sarasfashionacademy.com\/reset-password\/"]}]},{"@type":"BreadcrumbList","@id":"https:\/\/sarasfashionacademy.com\/reset-password\/#breadcrumb","itemListElement":[{"@type":"ListItem","position":1,"name":"Accueil","item":"https:\/\/sarasfashionacademy.com\/fr\/"},{"@type":"ListItem","position":2,"name":"Reset Password"}]},{"@type":"WebSite","@id":"https:\/\/sarasfashionacademy.com\/#website","url":"https:\/\/sarasfashionacademy.com\/","name":"Sarasfashionacademy.com","description":"R\u00e9alise ton r\u00eave en propulsant ta carri\u00e8re de mannequin professionnel.","publisher":{"@id":"https:\/\/sarasfashionacademy.com\/#organization"},"potentialAction":[{"@type":"SearchAction","target":{"@type":"EntryPoint","urlTemplate":"https:\/\/sarasfashionacademy.com\/?s={search_term_string}"},"query-input":{"@type":"PropertyValueSpecification","valueRequired":true,"valueName":"search_term_string"}}],"inLanguage":"fr-FR"},{"@type":"Organization","@id":"https:\/\/sarasfashionacademy.com\/#organization","name":"Sarasfashionacademy.com","url":"https:\/\/sarasfashionacademy.com\/","logo":{"@type":"ImageObject","inLanguage":"fr-FR","@id":"https:\/\/sarasfashionacademy.com\/#\/schema\/logo\/image\/","url":"https:\/\/sarasfashionacademy.com\/wp-content\/uploads\/2023\/09\/cropped-Logo-Saras-1.jpg","contentUrl":"https:\/\/sarasfashionacademy.com\/wp-content\/uploads\/2023\/09\/cropped-Logo-Saras-1.jpg","width":512,"height":512,"caption":"Sarasfashionacademy.com"},"image":{"@id":"https:\/\/sarasfashionacademy.com\/#\/schema\/logo\/image\/"},"sameAs":["https:\/\/www.facebook.com\/sarasfashionacademy","https:\/\/www.instagram.com\/sarasfashionacademy"]}]}},"_links":{"self":[{"href":"https:\/\/sarasfashionacademy.com\/fr\/wp-json\/wp\/v2\/pages\/29068","targetHints":{"allow":["GET"]}}],"collection":[{"href":"https:\/\/sarasfashionacademy.com\/fr\/wp-json\/wp\/v2\/pages"}],"about":[{"href":"https:\/\/sarasfashionacademy.com\/fr\/wp-json\/wp\/v2\/types\/page"}],"author":[{"embeddable":true,"href":"https:\/\/sarasfashionacademy.com\/fr\/wp-json\/wp\/v2\/users\/1"}],"replies":[{"embeddable":true,"href":"https:\/\/sarasfashionacademy.com\/fr\/wp-json\/wp\/v2\/comments?post=29068"}],"version-history":[{"count":0,"href":"https:\/\/sarasfashionacademy.com\/fr\/wp-json\/wp\/v2\/pages\/29068\/revisions"}],"wp:attachment":[{"href":"https:\/\/sarasfashionacademy.com\/fr\/wp-json\/wp\/v2\/media?parent=29068"}],"curies":[{"name":"wp","href":"https:\/\/api.w.org\/{rel}","templated":true}]}}