{"id":29073,"date":"2023-07-16T21:27:26","date_gmt":"2023-07-16T19:27:26","guid":{"rendered":"http:\/\/sarasfashionacademy.com\/panier\/"},"modified":"2023-08-08T17:04:46","modified_gmt":"2023-08-08T15:04:46","slug":"panier","status":"publish","type":"page","link":"https:\/\/sarasfashionacademy.com\/fr\/panier\/","title":{"rendered":"Panier"},"content":{"rendered":"<p>[et_pb_section fb_built=&#8221;1&#8243; _builder_version=&#8221;4.21.0&#8243; _module_preset=&#8221;default&#8221; background_color=&#8221;#fff0ec&#8221; custom_padding=&#8221;0px||0px|||&#8221; locked=&#8221;off&#8221; global_colors_info=&#8221;{}&#8221;][et_pb_row _builder_version=&#8221;4.21.0&#8243; _module_preset=&#8221;default&#8221; custom_padding=&#8221;46px|||||&#8221; global_colors_info=&#8221;{}&#8221;][et_pb_column type=&#8221;4_4&#8243; _builder_version=&#8221;4.21.0&#8243; _module_preset=&#8221;default&#8221; global_colors_info=&#8221;{}&#8221;][et_pb_text _builder_version=&#8221;4.21.2&#8243; _dynamic_attributes=&#8221;content&#8221; _module_preset=&#8221;default&#8221; text_font=&#8221;Brittany||||||||&#8221; text_font_size=&#8221;55px&#8221; header_font=&#8221;Brittany|700|||||||&#8221; header_font_size=&#8221;37px&#8221; text_orientation=&#8221;center&#8221; global_colors_info=&#8221;{}&#8221;]@ET-DC@eyJkeW5hbWljIjp0cnVlLCJjb250ZW50IjoicG9zdF90aXRsZSIsInNldHRpbmdzIjp7ImJlZm9yZSI6IiIsImFmdGVyIjoiIn19@[\/et_pb_text][\/et_pb_column][\/et_pb_row][\/et_pb_section][et_pb_section fb_built=&#8221;1&#8243; _builder_version=&#8221;4.16&#8243; custom_padding=&#8221;0px|||||&#8221; global_colors_info=&#8221;{}&#8221;][et_pb_row _builder_version=&#8221;4.16&#8243; background_size=&#8221;initial&#8221; background_position=&#8221;top_left&#8221; background_repeat=&#8221;repeat&#8221; global_colors_info=&#8221;{}&#8221;][et_pb_column type=&#8221;4_4&#8243; _builder_version=&#8221;4.16&#8243; custom_padding=&#8221;|||&#8221; global_colors_info=&#8221;{}&#8221; custom_padding__hover=&#8221;|||&#8221;][et_pb_wc_cart_notice _builder_version=&#8221;4.21.2&#8243; title_font=&#8221;|300|||||||&#8221; title_text_color=&#8221;#000000&#8243; title_font_size=&#8221;16px&#8221; link_text_color=&#8221;#000000&#8243; custom_button=&#8221;on&#8221; button_text_size=&#8221;18px&#8221; button_text_color=&#8221;#000000&#8243; button_bg_color=&#8221;#fff0ec&#8221; button_border_width=&#8221;1px&#8221; button_border_radius=&#8221;1px&#8221; button_letter_spacing=&#8221;0px&#8221; button_font=&#8221;|300|||||||&#8221; hover_enabled=&#8221;0&#8243; global_colors_info=&#8221;{}&#8221; error_text_color=&#8221;#000000&#8243; content_text_color=&#8221;#000000&#8243; sticky_enabled=&#8221;0&#8243; title_link_text_color=&#8221;#000000&#8243;][\/et_pb_wc_cart_notice][et_pb_wc_cart_products _builder_version=&#8221;4.16&#8243; global_colors_info=&#8221;{}&#8221;][\/et_pb_wc_cart_products][\/et_pb_column][\/et_pb_row][et_pb_row column_structure=&#8221;1_2,1_2&#8243; _builder_version=&#8221;4.16&#8243; background_size=&#8221;initial&#8221; background_position=&#8221;top_left&#8221; background_repeat=&#8221;repeat&#8221; global_colors_info=&#8221;{}&#8221;][et_pb_column type=&#8221;1_2&#8243; _builder_version=&#8221;4.16&#8243; custom_padding=&#8221;|||&#8221; global_colors_info=&#8221;{}&#8221; custom_padding__hover=&#8221;|||&#8221;][et_pb_wc_cross_sells _builder_version=&#8221;4.16&#8243; global_colors_info=&#8221;{}&#8221;][\/et_pb_wc_cross_sells][\/et_pb_column][et_pb_column type=&#8221;1_2&#8243; _builder_version=&#8221;4.16&#8243; custom_padding=&#8221;|||&#8221; global_colors_info=&#8221;{}&#8221; custom_padding__hover=&#8221;|||&#8221;][et_pb_wc_cart_totals _builder_version=&#8221;4.16&#8243; global_colors_info=&#8221;{}&#8221;][\/et_pb_wc_cart_totals][\/et_pb_column][\/et_pb_row][\/et_pb_section]<\/p>\n","protected":false},"excerpt":{"rendered":"","protected":false},"author":1,"featured_media":0,"parent":0,"menu_order":0,"comment_status":"closed","ping_status":"closed","template":"","meta":{"_et_pb_use_builder":"on","_et_pb_old_content":"<!-- wp:shortcode -->[woocommerce_cart]<!-- \/wp:shortcode -->","_et_gb_content_width":"","footnotes":""},"class_list":["post-29073","page","type-page","status-publish","hentry"],"yoast_head":"<!-- This site is optimized with the Yoast SEO plugin v27.3 - https:\/\/yoast.com\/product\/yoast-seo-wordpress\/ -->\n<title>Panier - Sarasfashionacademy.com<\/title>\n<meta name=\"robots\" content=\"index, follow, max-snippet:-1, max-image-preview:large, max-video-preview:-1\" \/>\n<link rel=\"canonical\" href=\"https:\/\/sarasfashionacademy.com\/panier\/\" \/>\n<meta property=\"og:locale\" content=\"fr_FR\" \/>\n<meta property=\"og:type\" content=\"article\" \/>\n<meta property=\"og:title\" content=\"Panier - Sarasfashionacademy.com\" \/>\n<meta property=\"og:url\" content=\"https:\/\/sarasfashionacademy.com\/panier\/\" \/>\n<meta property=\"og:site_name\" content=\"Sarasfashionacademy.com\" \/>\n<meta property=\"article:publisher\" content=\"https:\/\/www.facebook.com\/sarasfashionacademy\" \/>\n<meta property=\"article:modified_time\" content=\"2023-08-08T15:04:46+00:00\" \/>\n<meta name=\"twitter:card\" content=\"summary_large_image\" \/>\n<meta name=\"twitter:label1\" content=\"Dur\u00e9e de lecture estim\u00e9e\" \/>\n\t<meta name=\"twitter:data1\" content=\"2 minutes\" \/>\n<script type=\"application\/ld+json\" class=\"yoast-schema-graph\">{\"@context\":\"https:\\\/\\\/schema.org\",\"@graph\":[{\"@type\":\"WebPage\",\"@id\":\"https:\\\/\\\/sarasfashionacademy.com\\\/panier\\\/\",\"url\":\"https:\\\/\\\/sarasfashionacademy.com\\\/panier\\\/\",\"name\":\"Panier - Sarasfashionacademy.com\",\"isPartOf\":{\"@id\":\"https:\\\/\\\/sarasfashionacademy.com\\\/#website\"},\"datePublished\":\"2023-07-16T19:27:26+00:00\",\"dateModified\":\"2023-08-08T15:04:46+00:00\",\"breadcrumb\":{\"@id\":\"https:\\\/\\\/sarasfashionacademy.com\\\/panier\\\/#breadcrumb\"},\"inLanguage\":\"fr-FR\",\"potentialAction\":[{\"@type\":\"ReadAction\",\"target\":[\"https:\\\/\\\/sarasfashionacademy.com\\\/panier\\\/\"]}]},{\"@type\":\"BreadcrumbList\",\"@id\":\"https:\\\/\\\/sarasfashionacademy.com\\\/panier\\\/#breadcrumb\",\"itemListElement\":[{\"@type\":\"ListItem\",\"position\":1,\"name\":\"Accueil\",\"item\":\"https:\\\/\\\/sarasfashionacademy.com\\\/fr\\\/\"},{\"@type\":\"ListItem\",\"position\":2,\"name\":\"Panier\"}]},{\"@type\":\"WebSite\",\"@id\":\"https:\\\/\\\/sarasfashionacademy.com\\\/#website\",\"url\":\"https:\\\/\\\/sarasfashionacademy.com\\\/\",\"name\":\"Sarasfashionacademy.com\",\"description\":\"R\u00e9alise ton r\u00eave en propulsant ta carri\u00e8re de mannequin professionnel.\",\"publisher\":{\"@id\":\"https:\\\/\\\/sarasfashionacademy.com\\\/#organization\"},\"potentialAction\":[{\"@type\":\"SearchAction\",\"target\":{\"@type\":\"EntryPoint\",\"urlTemplate\":\"https:\\\/\\\/sarasfashionacademy.com\\\/?s={search_term_string}\"},\"query-input\":{\"@type\":\"PropertyValueSpecification\",\"valueRequired\":true,\"valueName\":\"search_term_string\"}}],\"inLanguage\":\"fr-FR\"},{\"@type\":\"Organization\",\"@id\":\"https:\\\/\\\/sarasfashionacademy.com\\\/#organization\",\"name\":\"Sarasfashionacademy.com\",\"url\":\"https:\\\/\\\/sarasfashionacademy.com\\\/\",\"logo\":{\"@type\":\"ImageObject\",\"inLanguage\":\"fr-FR\",\"@id\":\"https:\\\/\\\/sarasfashionacademy.com\\\/#\\\/schema\\\/logo\\\/image\\\/\",\"url\":\"https:\\\/\\\/sarasfashionacademy.com\\\/wp-content\\\/uploads\\\/2023\\\/09\\\/cropped-Logo-Saras-1.jpg\",\"contentUrl\":\"https:\\\/\\\/sarasfashionacademy.com\\\/wp-content\\\/uploads\\\/2023\\\/09\\\/cropped-Logo-Saras-1.jpg\",\"width\":512,\"height\":512,\"caption\":\"Sarasfashionacademy.com\"},\"image\":{\"@id\":\"https:\\\/\\\/sarasfashionacademy.com\\\/#\\\/schema\\\/logo\\\/image\\\/\"},\"sameAs\":[\"https:\\\/\\\/www.facebook.com\\\/sarasfashionacademy\",\"https:\\\/\\\/www.instagram.com\\\/sarasfashionacademy\"]}]}<\/script>\n<!-- \/ Yoast SEO plugin. -->","yoast_head_json":{"title":"Panier - Sarasfashionacademy.com","robots":{"index":"index","follow":"follow","max-snippet":"max-snippet:-1","max-image-preview":"max-image-preview:large","max-video-preview":"max-video-preview:-1"},"canonical":"https:\/\/sarasfashionacademy.com\/panier\/","og_locale":"fr_FR","og_type":"article","og_title":"Panier - Sarasfashionacademy.com","og_url":"https:\/\/sarasfashionacademy.com\/panier\/","og_site_name":"Sarasfashionacademy.com","article_publisher":"https:\/\/www.facebook.com\/sarasfashionacademy","article_modified_time":"2023-08-08T15:04:46+00:00","twitter_card":"summary_large_image","twitter_misc":{"Dur\u00e9e de lecture estim\u00e9e":"2 minutes"},"schema":{"@context":"https:\/\/schema.org","@graph":[{"@type":"WebPage","@id":"https:\/\/sarasfashionacademy.com\/panier\/","url":"https:\/\/sarasfashionacademy.com\/panier\/","name":"Panier - Sarasfashionacademy.com","isPartOf":{"@id":"https:\/\/sarasfashionacademy.com\/#website"},"datePublished":"2023-07-16T19:27:26+00:00","dateModified":"2023-08-08T15:04:46+00:00","breadcrumb":{"@id":"https:\/\/sarasfashionacademy.com\/panier\/#breadcrumb"},"inLanguage":"fr-FR","potentialAction":[{"@type":"ReadAction","target":["https:\/\/sarasfashionacademy.com\/panier\/"]}]},{"@type":"BreadcrumbList","@id":"https:\/\/sarasfashionacademy.com\/panier\/#breadcrumb","itemListElement":[{"@type":"ListItem","position":1,"name":"Accueil","item":"https:\/\/sarasfashionacademy.com\/fr\/"},{"@type":"ListItem","position":2,"name":"Panier"}]},{"@type":"WebSite","@id":"https:\/\/sarasfashionacademy.com\/#website","url":"https:\/\/sarasfashionacademy.com\/","name":"Sarasfashionacademy.com","description":"R\u00e9alise ton r\u00eave en propulsant ta carri\u00e8re de mannequin professionnel.","publisher":{"@id":"https:\/\/sarasfashionacademy.com\/#organization"},"potentialAction":[{"@type":"SearchAction","target":{"@type":"EntryPoint","urlTemplate":"https:\/\/sarasfashionacademy.com\/?s={search_term_string}"},"query-input":{"@type":"PropertyValueSpecification","valueRequired":true,"valueName":"search_term_string"}}],"inLanguage":"fr-FR"},{"@type":"Organization","@id":"https:\/\/sarasfashionacademy.com\/#organization","name":"Sarasfashionacademy.com","url":"https:\/\/sarasfashionacademy.com\/","logo":{"@type":"ImageObject","inLanguage":"fr-FR","@id":"https:\/\/sarasfashionacademy.com\/#\/schema\/logo\/image\/","url":"https:\/\/sarasfashionacademy.com\/wp-content\/uploads\/2023\/09\/cropped-Logo-Saras-1.jpg","contentUrl":"https:\/\/sarasfashionacademy.com\/wp-content\/uploads\/2023\/09\/cropped-Logo-Saras-1.jpg","width":512,"height":512,"caption":"Sarasfashionacademy.com"},"image":{"@id":"https:\/\/sarasfashionacademy.com\/#\/schema\/logo\/image\/"},"sameAs":["https:\/\/www.facebook.com\/sarasfashionacademy","https:\/\/www.instagram.com\/sarasfashionacademy"]}]}},"_links":{"self":[{"href":"https:\/\/sarasfashionacademy.com\/fr\/wp-json\/wp\/v2\/pages\/29073","targetHints":{"allow":["GET"]}}],"collection":[{"href":"https:\/\/sarasfashionacademy.com\/fr\/wp-json\/wp\/v2\/pages"}],"about":[{"href":"https:\/\/sarasfashionacademy.com\/fr\/wp-json\/wp\/v2\/types\/page"}],"author":[{"embeddable":true,"href":"https:\/\/sarasfashionacademy.com\/fr\/wp-json\/wp\/v2\/users\/1"}],"replies":[{"embeddable":true,"href":"https:\/\/sarasfashionacademy.com\/fr\/wp-json\/wp\/v2\/comments?post=29073"}],"version-history":[{"count":9,"href":"https:\/\/sarasfashionacademy.com\/fr\/wp-json\/wp\/v2\/pages\/29073\/revisions"}],"predecessor-version":[{"id":30015,"href":"https:\/\/sarasfashionacademy.com\/fr\/wp-json\/wp\/v2\/pages\/29073\/revisions\/30015"}],"wp:attachment":[{"href":"https:\/\/sarasfashionacademy.com\/fr\/wp-json\/wp\/v2\/media?parent=29073"}],"curies":[{"name":"wp","href":"https:\/\/api.w.org\/{rel}","templated":true}]}}