{"id":31480,"date":"2024-06-11T13:16:41","date_gmt":"2024-06-11T11:16:41","guid":{"rendered":"https:\/\/sarasfashionacademy.com\/produit\/les-mysteres-du-catwalk\/"},"modified":"2026-04-08T06:28:13","modified_gmt":"2026-04-08T04:28:13","slug":"les-mysteres-du-catwalk","status":"publish","type":"product","link":"https:\/\/sarasfashionacademy.com\/fr\/produit\/les-mysteres-du-catwalk\/","title":{"rendered":"Les Myst\u00e8res du Catwalk"},"content":{"rendered":"<p>[et_pb_section fb_built=&#8221;1&#8243; _builder_version=&#8221;4.16&#8243; custom_padding=&#8221;0px||||false|false&#8221; global_colors_info=&#8221;{}&#8221;][et_pb_row _builder_version=&#8221;4.22.2&#8243; background_size=&#8221;initial&#8221; background_position=&#8221;top_left&#8221; background_repeat=&#8221;repeat&#8221; width=&#8221;100%&#8221; custom_padding=&#8221;0px||0px||false|false&#8221; global_colors_info=&#8221;{}&#8221;][et_pb_column type=&#8221;4_4&#8243; _builder_version=&#8221;4.16&#8243; custom_padding=&#8221;|||&#8221; global_colors_info=&#8221;{}&#8221; custom_padding__hover=&#8221;|||&#8221;][et_pb_wc_breadcrumb _builder_version=&#8221;4.16&#8243; global_colors_info=&#8221;{}&#8221;][\/et_pb_wc_breadcrumb][et_pb_wc_cart_notice _builder_version=&#8221;4.16&#8243; global_colors_info=&#8221;{}&#8221;][\/et_pb_wc_cart_notice][\/et_pb_column][\/et_pb_row][et_pb_row column_structure=&#8221;1_2,1_2&#8243; _builder_version=&#8221;4.16&#8243; background_size=&#8221;initial&#8221; background_position=&#8221;top_left&#8221; background_repeat=&#8221;repeat&#8221; width=&#8221;100%&#8221; custom_padding=&#8221;0px||||false|false&#8221; global_colors_info=&#8221;{}&#8221;][et_pb_column type=&#8221;1_2&#8243; _builder_version=&#8221;4.16&#8243; custom_padding=&#8221;|||&#8221; global_colors_info=&#8221;{}&#8221; custom_padding__hover=&#8221;|||&#8221;][et_pb_wc_images _builder_version=&#8221;4.16&#8243; global_colors_info=&#8221;{}&#8221;][\/et_pb_wc_images][\/et_pb_column][et_pb_column type=&#8221;1_2&#8243; _builder_version=&#8221;4.16&#8243; custom_padding=&#8221;|||&#8221; global_colors_info=&#8221;{}&#8221; custom_padding__hover=&#8221;|||&#8221;][et_pb_wc_title _builder_version=&#8221;4.16&#8243; global_colors_info=&#8221;{}&#8221;][\/et_pb_wc_title][et_pb_wc_rating _builder_version=&#8221;4.16&#8243; global_colors_info=&#8221;{}&#8221;][\/et_pb_wc_rating][et_pb_wc_price _builder_version=&#8221;4.16&#8243; global_colors_info=&#8221;{}&#8221;][\/et_pb_wc_price][et_pb_wc_description _builder_version=&#8221;4.16&#8243; global_colors_info=&#8221;{}&#8221;][\/et_pb_wc_description][et_pb_wc_add_to_cart _builder_version=&#8221;4.16&#8243; global_colors_info=&#8221;{}&#8221;][\/et_pb_wc_add_to_cart][et_pb_wc_meta _builder_version=&#8221;4.16&#8243; global_colors_info=&#8221;{}&#8221;][\/et_pb_wc_meta][\/et_pb_column][\/et_pb_row][et_pb_row _builder_version=&#8221;4.16&#8243; background_size=&#8221;initial&#8221; background_position=&#8221;top_left&#8221; background_repeat=&#8221;repeat&#8221; width=&#8221;100%&#8221; global_colors_info=&#8221;{}&#8221;][et_pb_column type=&#8221;4_4&#8243; _builder_version=&#8221;4.16&#8243; custom_padding=&#8221;|||&#8221; global_colors_info=&#8221;{}&#8221; custom_padding__hover=&#8221;|||&#8221;][et_pb_wc_tabs _builder_version=&#8221;4.16&#8243; global_colors_info=&#8221;{}&#8221;] [\/et_pb_wc_tabs][et_pb_wc_upsells _builder_version=&#8221;4.16&#8243; global_colors_info=&#8221;{}&#8221;][\/et_pb_wc_upsells][et_pb_wc_related_products _builder_version=&#8221;4.16&#8243; global_colors_info=&#8221;{}&#8221;][\/et_pb_wc_related_products][\/et_pb_column][\/et_pb_row][\/et_pb_section]<\/p>\n","protected":false},"excerpt":{"rendered":"<p>R\u00e9v\u00e9lez le Secret des Podiums avec \u201cLes Myst\u00e8res du Catwalk\u2019\u2019<\/p>\n","protected":false},"featured_media":30503,"comment_status":"open","ping_status":"closed","template":"","meta":{"_et_pb_use_builder":"on","_et_pb_old_content":"Plongez au c\u0153ur de l\u2019art du d\u00e9fil\u00e9 avec notre formation exclusive \u201cLes Myst\u00e8res du Catwalk\u201d. Con\u00e7ue sp\u00e9cifiquement pour les aspirants mannequins et ceux cherchant \u00e0 perfectionner leur d\u00e9marche, cette formation en ligne d\u2019une dur\u00e9e d\u2019un mois vous emm\u00e8ne dans les coulisses des d\u00e9fil\u00e9s de mode pour vous r\u00e9v\u00e9ler les techniques et secrets des professionnels.","_et_gb_content_width":""},"product_brand":[],"product_cat":[39],"product_tag":[],"class_list":{"0":"post-31480","1":"product","2":"type-product","3":"status-publish","4":"has-post-thumbnail","6":"product_cat-formation","8":"first","9":"instock","10":"virtual","11":"sold-individually","12":"purchasable","13":"product-type-course"},"yoast_head":"<!-- This site is optimized with the Yoast SEO plugin v27.3 - https:\/\/yoast.com\/product\/yoast-seo-wordpress\/ -->\n<title>Les Myst\u00e8res du Catwalk - Sarasfashionacademy.com<\/title>\n<meta name=\"robots\" content=\"index, follow, max-snippet:-1, max-image-preview:large, max-video-preview:-1\" \/>\n<link rel=\"canonical\" href=\"https:\/\/sarasfashionacademy.com\/produit\/secrets-of-the-catwalk\/\" \/>\n<meta property=\"og:locale\" content=\"fr_FR\" \/>\n<meta property=\"og:type\" content=\"article\" \/>\n<meta property=\"og:title\" content=\"Les Myst\u00e8res du Catwalk - Sarasfashionacademy.com\" \/>\n<meta property=\"og:description\" content=\"R\u00e9v\u00e9lez le Secret des Podiums avec \u201cLes Myst\u00e8res du Catwalk\u2019\u2019\" \/>\n<meta property=\"og:url\" content=\"https:\/\/sarasfashionacademy.com\/produit\/secrets-of-the-catwalk\/\" \/>\n<meta property=\"og:site_name\" content=\"Sarasfashionacademy.com\" \/>\n<meta property=\"article:publisher\" content=\"https:\/\/www.facebook.com\/sarasfashionacademy\" \/>\n<meta property=\"article:modified_time\" content=\"2026-04-08T04:28:13+00:00\" \/>\n<meta property=\"og:image\" content=\"https:\/\/sarasfashionacademy.com\/wp-content\/uploads\/2024\/04\/Mysteres-du-Catwalk-1.png\" \/>\n\t<meta property=\"og:image:width\" content=\"1640\" \/>\n\t<meta property=\"og:image:height\" content=\"924\" \/>\n\t<meta property=\"og:image:type\" content=\"image\/png\" \/>\n<meta name=\"twitter:card\" content=\"summary_large_image\" \/>\n<meta name=\"twitter:label1\" content=\"Dur\u00e9e de lecture estim\u00e9e\" \/>\n\t<meta name=\"twitter:data1\" content=\"1 minute\" \/>\n<script type=\"application\/ld+json\" class=\"yoast-schema-graph\">{\"@context\":\"https:\\\/\\\/schema.org\",\"@graph\":[{\"@type\":\"WebPage\",\"@id\":\"https:\\\/\\\/sarasfashionacademy.com\\\/produit\\\/secrets-of-the-catwalk\\\/\",\"url\":\"https:\\\/\\\/sarasfashionacademy.com\\\/produit\\\/secrets-of-the-catwalk\\\/\",\"name\":\"Les Myst\u00e8res du Catwalk - Sarasfashionacademy.com\",\"isPartOf\":{\"@id\":\"https:\\\/\\\/sarasfashionacademy.com\\\/#website\"},\"primaryImageOfPage\":{\"@id\":\"https:\\\/\\\/sarasfashionacademy.com\\\/produit\\\/secrets-of-the-catwalk\\\/#primaryimage\"},\"image\":{\"@id\":\"https:\\\/\\\/sarasfashionacademy.com\\\/produit\\\/secrets-of-the-catwalk\\\/#primaryimage\"},\"thumbnailUrl\":\"https:\\\/\\\/sarasfashionacademy.com\\\/wp-content\\\/uploads\\\/2024\\\/04\\\/Mysteres-du-Catwalk-1.png\",\"datePublished\":\"2024-06-11T11:16:41+00:00\",\"dateModified\":\"2026-04-08T04:28:13+00:00\",\"breadcrumb\":{\"@id\":\"https:\\\/\\\/sarasfashionacademy.com\\\/produit\\\/secrets-of-the-catwalk\\\/#breadcrumb\"},\"inLanguage\":\"fr-FR\",\"potentialAction\":[{\"@type\":\"ReadAction\",\"target\":[\"https:\\\/\\\/sarasfashionacademy.com\\\/produit\\\/secrets-of-the-catwalk\\\/\"]}]},{\"@type\":\"ImageObject\",\"inLanguage\":\"fr-FR\",\"@id\":\"https:\\\/\\\/sarasfashionacademy.com\\\/produit\\\/secrets-of-the-catwalk\\\/#primaryimage\",\"url\":\"https:\\\/\\\/sarasfashionacademy.com\\\/wp-content\\\/uploads\\\/2024\\\/04\\\/Mysteres-du-Catwalk-1.png\",\"contentUrl\":\"https:\\\/\\\/sarasfashionacademy.com\\\/wp-content\\\/uploads\\\/2024\\\/04\\\/Mysteres-du-Catwalk-1.png\",\"width\":1640,\"height\":924},{\"@type\":\"BreadcrumbList\",\"@id\":\"https:\\\/\\\/sarasfashionacademy.com\\\/produit\\\/secrets-of-the-catwalk\\\/#breadcrumb\",\"itemListElement\":[{\"@type\":\"ListItem\",\"position\":1,\"name\":\"Accueil\",\"item\":\"https:\\\/\\\/sarasfashionacademy.com\\\/fr\\\/\"},{\"@type\":\"ListItem\",\"position\":2,\"name\":\"FR_Boutique\",\"item\":\"https:\\\/\\\/sarasfashionacademy.com\\\/fr\\\/boutique\\\/\"},{\"@type\":\"ListItem\",\"position\":3,\"name\":\"Les Myst\u00e8res du Catwalk\"}]},{\"@type\":\"WebSite\",\"@id\":\"https:\\\/\\\/sarasfashionacademy.com\\\/#website\",\"url\":\"https:\\\/\\\/sarasfashionacademy.com\\\/\",\"name\":\"Sarasfashionacademy.com\",\"description\":\"R\u00e9alise ton r\u00eave en propulsant ta carri\u00e8re de mannequin professionnel.\",\"publisher\":{\"@id\":\"https:\\\/\\\/sarasfashionacademy.com\\\/#organization\"},\"potentialAction\":[{\"@type\":\"SearchAction\",\"target\":{\"@type\":\"EntryPoint\",\"urlTemplate\":\"https:\\\/\\\/sarasfashionacademy.com\\\/?s={search_term_string}\"},\"query-input\":{\"@type\":\"PropertyValueSpecification\",\"valueRequired\":true,\"valueName\":\"search_term_string\"}}],\"inLanguage\":\"fr-FR\"},{\"@type\":\"Organization\",\"@id\":\"https:\\\/\\\/sarasfashionacademy.com\\\/#organization\",\"name\":\"Sarasfashionacademy.com\",\"url\":\"https:\\\/\\\/sarasfashionacademy.com\\\/\",\"logo\":{\"@type\":\"ImageObject\",\"inLanguage\":\"fr-FR\",\"@id\":\"https:\\\/\\\/sarasfashionacademy.com\\\/#\\\/schema\\\/logo\\\/image\\\/\",\"url\":\"https:\\\/\\\/sarasfashionacademy.com\\\/wp-content\\\/uploads\\\/2023\\\/09\\\/cropped-Logo-Saras-1.jpg\",\"contentUrl\":\"https:\\\/\\\/sarasfashionacademy.com\\\/wp-content\\\/uploads\\\/2023\\\/09\\\/cropped-Logo-Saras-1.jpg\",\"width\":512,\"height\":512,\"caption\":\"Sarasfashionacademy.com\"},\"image\":{\"@id\":\"https:\\\/\\\/sarasfashionacademy.com\\\/#\\\/schema\\\/logo\\\/image\\\/\"},\"sameAs\":[\"https:\\\/\\\/www.facebook.com\\\/sarasfashionacademy\",\"https:\\\/\\\/www.instagram.com\\\/sarasfashionacademy\"]}]}<\/script>\n<!-- \/ Yoast SEO plugin. -->","yoast_head_json":{"title":"Les Myst\u00e8res du Catwalk - Sarasfashionacademy.com","robots":{"index":"index","follow":"follow","max-snippet":"max-snippet:-1","max-image-preview":"max-image-preview:large","max-video-preview":"max-video-preview:-1"},"canonical":"https:\/\/sarasfashionacademy.com\/produit\/secrets-of-the-catwalk\/","og_locale":"fr_FR","og_type":"article","og_title":"Les Myst\u00e8res du Catwalk - Sarasfashionacademy.com","og_description":"R\u00e9v\u00e9lez le Secret des Podiums avec \u201cLes Myst\u00e8res du Catwalk\u2019\u2019","og_url":"https:\/\/sarasfashionacademy.com\/produit\/secrets-of-the-catwalk\/","og_site_name":"Sarasfashionacademy.com","article_publisher":"https:\/\/www.facebook.com\/sarasfashionacademy","article_modified_time":"2026-04-08T04:28:13+00:00","og_image":[{"width":1640,"height":924,"url":"https:\/\/sarasfashionacademy.com\/wp-content\/uploads\/2024\/04\/Mysteres-du-Catwalk-1.png","type":"image\/png"}],"twitter_card":"summary_large_image","twitter_misc":{"Dur\u00e9e de lecture estim\u00e9e":"1 minute"},"schema":{"@context":"https:\/\/schema.org","@graph":[{"@type":"WebPage","@id":"https:\/\/sarasfashionacademy.com\/produit\/secrets-of-the-catwalk\/","url":"https:\/\/sarasfashionacademy.com\/produit\/secrets-of-the-catwalk\/","name":"Les Myst\u00e8res du Catwalk - Sarasfashionacademy.com","isPartOf":{"@id":"https:\/\/sarasfashionacademy.com\/#website"},"primaryImageOfPage":{"@id":"https:\/\/sarasfashionacademy.com\/produit\/secrets-of-the-catwalk\/#primaryimage"},"image":{"@id":"https:\/\/sarasfashionacademy.com\/produit\/secrets-of-the-catwalk\/#primaryimage"},"thumbnailUrl":"https:\/\/sarasfashionacademy.com\/wp-content\/uploads\/2024\/04\/Mysteres-du-Catwalk-1.png","datePublished":"2024-06-11T11:16:41+00:00","dateModified":"2026-04-08T04:28:13+00:00","breadcrumb":{"@id":"https:\/\/sarasfashionacademy.com\/produit\/secrets-of-the-catwalk\/#breadcrumb"},"inLanguage":"fr-FR","potentialAction":[{"@type":"ReadAction","target":["https:\/\/sarasfashionacademy.com\/produit\/secrets-of-the-catwalk\/"]}]},{"@type":"ImageObject","inLanguage":"fr-FR","@id":"https:\/\/sarasfashionacademy.com\/produit\/secrets-of-the-catwalk\/#primaryimage","url":"https:\/\/sarasfashionacademy.com\/wp-content\/uploads\/2024\/04\/Mysteres-du-Catwalk-1.png","contentUrl":"https:\/\/sarasfashionacademy.com\/wp-content\/uploads\/2024\/04\/Mysteres-du-Catwalk-1.png","width":1640,"height":924},{"@type":"BreadcrumbList","@id":"https:\/\/sarasfashionacademy.com\/produit\/secrets-of-the-catwalk\/#breadcrumb","itemListElement":[{"@type":"ListItem","position":1,"name":"Accueil","item":"https:\/\/sarasfashionacademy.com\/fr\/"},{"@type":"ListItem","position":2,"name":"FR_Boutique","item":"https:\/\/sarasfashionacademy.com\/fr\/boutique\/"},{"@type":"ListItem","position":3,"name":"Les Myst\u00e8res du Catwalk"}]},{"@type":"WebSite","@id":"https:\/\/sarasfashionacademy.com\/#website","url":"https:\/\/sarasfashionacademy.com\/","name":"Sarasfashionacademy.com","description":"R\u00e9alise ton r\u00eave en propulsant ta carri\u00e8re de mannequin professionnel.","publisher":{"@id":"https:\/\/sarasfashionacademy.com\/#organization"},"potentialAction":[{"@type":"SearchAction","target":{"@type":"EntryPoint","urlTemplate":"https:\/\/sarasfashionacademy.com\/?s={search_term_string}"},"query-input":{"@type":"PropertyValueSpecification","valueRequired":true,"valueName":"search_term_string"}}],"inLanguage":"fr-FR"},{"@type":"Organization","@id":"https:\/\/sarasfashionacademy.com\/#organization","name":"Sarasfashionacademy.com","url":"https:\/\/sarasfashionacademy.com\/","logo":{"@type":"ImageObject","inLanguage":"fr-FR","@id":"https:\/\/sarasfashionacademy.com\/#\/schema\/logo\/image\/","url":"https:\/\/sarasfashionacademy.com\/wp-content\/uploads\/2023\/09\/cropped-Logo-Saras-1.jpg","contentUrl":"https:\/\/sarasfashionacademy.com\/wp-content\/uploads\/2023\/09\/cropped-Logo-Saras-1.jpg","width":512,"height":512,"caption":"Sarasfashionacademy.com"},"image":{"@id":"https:\/\/sarasfashionacademy.com\/#\/schema\/logo\/image\/"},"sameAs":["https:\/\/www.facebook.com\/sarasfashionacademy","https:\/\/www.instagram.com\/sarasfashionacademy"]}]}},"_links":{"self":[{"href":"https:\/\/sarasfashionacademy.com\/fr\/wp-json\/wp\/v2\/product\/31480","targetHints":{"allow":["GET"]}}],"collection":[{"href":"https:\/\/sarasfashionacademy.com\/fr\/wp-json\/wp\/v2\/product"}],"about":[{"href":"https:\/\/sarasfashionacademy.com\/fr\/wp-json\/wp\/v2\/types\/product"}],"replies":[{"embeddable":true,"href":"https:\/\/sarasfashionacademy.com\/fr\/wp-json\/wp\/v2\/comments?post=31480"}],"wp:featuredmedia":[{"embeddable":true,"href":"https:\/\/sarasfashionacademy.com\/fr\/wp-json\/wp\/v2\/media\/30503"}],"wp:attachment":[{"href":"https:\/\/sarasfashionacademy.com\/fr\/wp-json\/wp\/v2\/media?parent=31480"}],"wp:term":[{"taxonomy":"product_brand","embeddable":true,"href":"https:\/\/sarasfashionacademy.com\/fr\/wp-json\/wp\/v2\/product_brand?post=31480"},{"taxonomy":"product_cat","embeddable":true,"href":"https:\/\/sarasfashionacademy.com\/fr\/wp-json\/wp\/v2\/product_cat?post=31480"},{"taxonomy":"product_tag","embeddable":true,"href":"https:\/\/sarasfashionacademy.com\/fr\/wp-json\/wp\/v2\/product_tag?post=31480"}],"curies":[{"name":"wp","href":"https:\/\/api.w.org\/{rel}","templated":true}]}}