{"id":30958,"date":"2023-07-25T17:25:39","date_gmt":"2023-07-25T15:25:39","guid":{"rendered":"https:\/\/sarasfashionacademy.com\/pt_sobre\/"},"modified":"2026-01-31T18:03:58","modified_gmt":"2026-01-31T17:03:58","slug":"sobre","status":"publish","type":"page","link":"https:\/\/sarasfashionacademy.com\/pt-pt\/sobre\/","title":{"rendered":"PT_Sobre"},"content":{"rendered":"<p>[et_pb_section fb_built=&#8221;1&#8243; module_id=&#8221;Sobre&#8221; _builder_version=&#8221;4.21.0&#8243; _module_preset=&#8221;default&#8221; custom_padding=&#8221;2px||0px|||&#8221; locked=&#8221;off&#8221; global_colors_info=&#8221;{}&#8221;][et_pb_row column_structure=&#8221;1_2,1_2&#8243; make_equal=&#8221;on&#8221; _builder_version=&#8221;4.21.0&#8243; _module_preset=&#8221;default&#8221; global_colors_info=&#8221;{}&#8221;][et_pb_column type=&#8221;1_2&#8243; _builder_version=&#8221;4.16&#8243; _module_preset=&#8221;default&#8221; global_colors_info=&#8221;{}&#8221;][et_pb_text _builder_version=&#8221;4.21.0&#8243; _module_preset=&#8221;default&#8221; text_font=&#8221;Bellefair||||||||&#8221; text_text_color=&#8221;#000000&#8243; text_font_size=&#8221;32px&#8221; header_font=&#8221;||||||||&#8221; header_2_font=&#8221;|700|||||||&#8221; header_2_font_size=&#8221;40px&#8221; background_color=&#8221;#fff0ec&#8221; custom_margin=&#8221;||||false|false&#8221; custom_margin_tablet=&#8221;&#8221; custom_margin_phone=&#8221;-103px|||0px|false|false&#8221; custom_margin_last_edited=&#8221;on|phone&#8221; custom_padding=&#8221;22px|20px|22px|20px|true|true&#8221; text_font_size_tablet=&#8221;&#8221; text_font_size_phone=&#8221;24px&#8221; text_font_size_last_edited=&#8221;on|phone&#8221; global_colors_info=&#8221;{}&#8221;]<\/p>\n<p>Sobre a Sara [\/et_pb_text][et_pb_text _builder_version=&#8221;4.21.0&#8243; _module_preset=&#8221;default&#8221; text_font=&#8221;|300|||||||&#8221; text_text_color=&#8221;#000000&#8243; text_orientation=&#8221;justified&#8221; global_colors_info=&#8221;{}&#8221;]<\/p>\n<div class=\"\" data-block=\"true\" data-editor=\"9c8ir\" data-offset-key=\"7gjsu-0-0\">\n<div class=\"public-DraftStyleDefault-block public-DraftStyleDefault-ltr\" style=\"text-align: justify;\" data-offset-key=\"7gjsu-0-0\">\n<p dir=\"ltr\">Gra\u00e7as \u00e0 persist\u00eancia, acabei por me tornar modelo profissional para grandes marcas de alta costura.<\/p>\n<p dir=\"ltr\">O meu sonho expandiu-se quando criei a minha pr\u00f3pria ag\u00eancia de modelos. Oferecer um espa\u00e7o para ouvir e cuidar era essencial para mim. Esta experi\u00eancia deu-me o privil\u00e9gio de trabalhar com grandes nomes da moda, da relojoaria e da joalharia, bem como do mundo autom\u00f3vel.  <\/p>\n<p dir=\"ltr\">A maternidade \u00e9 uma verdadeira for\u00e7a e motiva\u00e7\u00e3o para realizar os meus sonhos! \u00c9 atrav\u00e9s do exemplo que inspiramos a nova gera\u00e7\u00e3o a trilhar o caminho das possibilidades. E foi nesta filosofia de vida que nasceu a Sara Fashion Academy! <\/p>\n<p>Agora apaixonada por moda e com uma vasta experi\u00eancia no setor, estou determinada a partilhar o meu conhecimento e as minhas compet\u00eancias com aqueles que ambicionam uma carreira como modelo. Acredito firmemente que todos t\u00eam potencial para ter sucesso e prosperar nesta \u00e1rea, desde que tenham acesso aos recursos e apoios adequados. <\/p>\n<p>Orgulho-me de poder oferecer esta oportunidade a todos aqueles que partilham a minha paix\u00e3o pela moda e pela modelagem.<\/p>\n<p>&nbsp;<\/p>\n<\/div>\n<\/div>\n<p>[\/et_pb_text][\/et_pb_column][et_pb_column type=&#8221;1_2&#8243; _builder_version=&#8221;4.21.0&#8243; _module_preset=&#8221;default&#8221; background_image=&#8221;https:\/\/sarasfashionacademy.com\/wp-content\/uploads\/2023\/07\/61c83b52be161_8536747A-7623-4529-9584-2C623EF5FA34.jpeg&#8221; global_colors_info=&#8221;{}&#8221;][\/et_pb_column][\/et_pb_row][et_pb_row column_structure=&#8221;1_2,1_2&#8243; use_custom_gutter=&#8221;on&#8221; make_equal=&#8221;on&#8221; _builder_version=&#8221;4.21.0&#8243; _module_preset=&#8221;default&#8221; custom_margin=&#8221;|||423px|false|false&#8221; custom_padding=&#8221;||0px|||&#8221; locked=&#8221;off&#8221; global_colors_info=&#8221;{}&#8221;][et_pb_column type=&#8221;1_2&#8243; _builder_version=&#8221;4.21.0&#8243; _module_preset=&#8221;default&#8221; background_enable_image=&#8221;off&#8221; custom_padding=&#8221;|||0px|false|false&#8221; global_colors_info=&#8221;{}&#8221;][et_pb_image src=&#8221;https:\/\/sarasfashionacademy.com\/wp-content\/uploads\/2023\/07\/62cb2197bb8a4_sarafashionacademy.png&#8221; title_text=&#8221;62cb2197bb8a4_sarafashionacademy&#8221; _builder_version=&#8221;4.21.0&#8243; _module_preset=&#8221;default&#8221; width=&#8221;78%&#8221; custom_margin=&#8221;|||-55px|false|false&#8221; global_colors_info=&#8221;{}&#8221;][\/et_pb_image][\/et_pb_column][et_pb_column type=&#8221;1_2&#8243; _builder_version=&#8221;4.21.0&#8243; _module_preset=&#8221;default&#8221; global_colors_info=&#8221;{}&#8221;][et_pb_text _builder_version=&#8221;4.21.0&#8243; _module_preset=&#8221;default&#8221; text_font=&#8221;Brittany||||||||&#8221; text_text_color=&#8221;#000000&#8243; text_font_size=&#8221;32px&#8221; header_2_font=&#8221;Bellefair|700|||||||&#8221; header_2_font_size=&#8221;40px&#8221; background_color=&#8221;#fff0ec&#8221; custom_margin=&#8221;28px|-79px||-178px|false|false&#8221; custom_margin_tablet=&#8221;&#8221; custom_margin_phone=&#8221;-103px|||0px|false|false&#8221; custom_margin_last_edited=&#8221;on|phone&#8221; custom_padding=&#8221;25px|20px|25px|20px|true|true&#8221; text_font_size_tablet=&#8221;&#8221; text_font_size_phone=&#8221;24px&#8221; text_font_size_last_edited=&#8221;on|phone&#8221; global_colors_info=&#8221;{}&#8221;]<\/p>\n<h2>Junta-te agora<\/h2>\n<p style=\"text-align: center;\"><span style=\"color: #808080; font-family: Brittany; font-size: 40px;\"> Sara&#8217;s Fashion Academy<\/span><\/p>\n<p>[\/et_pb_text][et_pb_text _builder_version=&#8221;4.21.0&#8243; text_font=&#8221;|300|||||||&#8221; text_text_color=&#8221;#000000&#8243; header_3_font=&#8221;Bellefair||||||||&#8221; header_3_text_color=&#8221;#000000&#8243; header_3_font_size=&#8221;28px&#8221; header_3_line_height=&#8221;1.2em&#8221; text_orientation=&#8221;center&#8221; custom_margin=&#8221;|25px|||false|false&#8221; custom_padding=&#8221;|4px|||false|false&#8221; header_3_font_size_tablet=&#8221;42px&#8221; header_3_font_size_phone=&#8221;34px&#8221; header_3_font_size_last_edited=&#8221;on|tablet&#8221; locked=&#8221;off&#8221; inline_fonts=&#8221;Caveat&#8221; global_colors_info=&#8221;{}&#8221;]<\/p>\n<p style=\"text-align: center;\">Participe na primeira academia de modelos online!<\/p>\n<p>[\/et_pb_text][et_pb_text _builder_version=&#8221;4.21.0&#8243; text_font=&#8221;|300|||||||&#8221; text_text_color=&#8221;#000000&#8243; header_3_font=&#8221;Bellefair||||||||&#8221; header_3_text_color=&#8221;#000000&#8243; header_3_font_size=&#8221;28px&#8221; header_3_line_height=&#8221;1.2em&#8221; text_orientation=&#8221;center&#8221; custom_margin=&#8221;||||false|false&#8221; custom_padding=&#8221;|4px|||false|false&#8221; header_3_font_size_tablet=&#8221;42px&#8221; header_3_font_size_phone=&#8221;34px&#8221; header_3_font_size_last_edited=&#8221;on|tablet&#8221; locked=&#8221;off&#8221; inline_fonts=&#8221;Caveat&#8221; global_colors_info=&#8221;{}&#8221;]<\/p>\n<div class=\"page\" title=\"Page 1\">\n<div class=\"section\">\n<div class=\"layoutArea\">\n<div class=\"column\">\n<div class=\"page\" title=\"Page 1\">\n<div class=\"section\">\n<div class=\"layoutArea\">\n<div class=\"column\">\n<p style=\"text-align: justify;\"><span>Quer seja um modelo profissional que procura melhorar as suas compet\u00eancias ou algu\u00e9m apaixonado por moda que deseja descobrir novas perspetivas, o nosso treino personalizado ir\u00e1 ajud\u00e1-lo a alcan\u00e7ar os seus objetivos.<\/span><\/p>\n<p style=\"text-align: justify;\"><span>As nossas sess\u00f5es de coaching individual s\u00e3o concebidas para o(a) ajudar a apresentar-se com confian\u00e7a e carisma em castings estrat\u00e9gicos. Analisamos detalhadamente todos os aspetos cruciais, desde a arte de posar em frente da c\u00e2mara at\u00e9 \u00e0s t\u00e9cnicas de passerelle e \u00e0 gest\u00e3o da sua imagem e marca pessoal. Desenvolver\u00e1 um estilo \u00fanico que o(a) diferenciar\u00e1 e lhe abrir\u00e1 portas na ind\u00fastria.  <\/span><\/p>\n<p style=\"text-align: justify;\"><span>Mas a nossa Academia n\u00e3o se limita a modelos profissionais. Estamos abertos a todos, porque acreditamos que a moda e a autoconfian\u00e7a s\u00e3o acess\u00edveis a todos. <\/span><\/p>\n<\/div>\n<\/div>\n<\/div>\n<\/div>\n<\/div>\n<\/div>\n<\/div>\n<\/div>\n<p>[\/et_pb_text][\/et_pb_column][\/et_pb_row][\/et_pb_section][et_pb_section fb_built=&#8221;1&#8243; _builder_version=&#8221;4.21.0&#8243; _module_preset=&#8221;default&#8221; custom_padding=&#8221;0px|||||&#8221; global_colors_info=&#8221;{}&#8221;][et_pb_row _builder_version=&#8221;4.21.0&#8243; _module_preset=&#8221;default&#8221; global_colors_info=&#8221;{}&#8221;][et_pb_column type=&#8221;4_4&#8243; _builder_version=&#8221;4.21.0&#8243; _module_preset=&#8221;default&#8221; global_colors_info=&#8221;{}&#8221;][et_pb_text _builder_version=&#8221;4.21.0&#8243; text_font=&#8221;|300|||||||&#8221; text_text_color=&#8221;#000000&#8243; header_3_font=&#8221;Bellefair||||||||&#8221; header_3_text_color=&#8221;#000000&#8243; header_3_font_size=&#8221;28px&#8221; header_3_line_height=&#8221;1.2em&#8221; text_orientation=&#8221;center&#8221; custom_margin=&#8221;||||false|false&#8221; custom_padding=&#8221;|4px|||false|false&#8221; header_3_font_size_tablet=&#8221;42px&#8221; header_3_font_size_phone=&#8221;34px&#8221; header_3_font_size_last_edited=&#8221;on|tablet&#8221; locked=&#8221;off&#8221; inline_fonts=&#8221;Caveat&#8221; global_colors_info=&#8221;{}&#8221;]<\/p>\n<div class=\"page\" title=\"Page 1\">\n<div class=\"section\">\n<div class=\"layoutArea\">\n<div class=\"column\">\n<div class=\"page\" title=\"Page 1\">\n<div class=\"section\">\n<div class=\"layoutArea\">\n<div class=\"column\">\n<div class=\"page\" title=\"Page 1\">\n<div class=\"section\">\n<div class=\"layoutArea\">\n<div class=\"column\">\n<p style=\"text-align: justify;\">\n<p style=\"text-align: justify;\"><span>Ao ingressar na Academia, passa tamb\u00e9m a fazer parte de uma comunidade apaixonada e acolhedora. Estar\u00e1 rodeado de pessoas que partilham os mesmos objetivos e aspira\u00e7\u00f5es, prontas para o apoiar nos seus sucessos e incentiv\u00e1-lo nos seus desafios. Esta comunidade din\u00e2mica ir\u00e1 inspir\u00e1-lo e desafi\u00e1-lo a alcan\u00e7ar novos patamares.  <\/span><\/p>\n<p style=\"text-align: justify;\"><span>Seja para dar os primeiros passos no mundo da moda, melhorar as suas capacidades ou desenvolver a sua autoconfian\u00e7a, estamos aqui para o ajudar nesta extraordin\u00e1ria aventura. A Academia \u00e9 o seu trampolim para uma carreira gratificante e uma autoestima elevada. <\/span><\/p>\n<p style=\"text-align: justify;\"><span>Junte-se \u00e0 nossa Academia e descubra tudo o que temos para lhe oferecer. Juntos, moldaremos o seu sucesso e realiza\u00e7\u00e3o no mundo da moda e n\u00e3o s\u00f3. <\/span><\/p>\n<\/div>\n<\/div>\n<\/div>\n<\/div>\n<\/div>\n<\/div>\n<\/div>\n<\/div>\n<\/div>\n<\/div>\n<\/div>\n<\/div>\n<p>[\/et_pb_text][et_pb_button button_url=&#8221;@ET-DC@eyJkeW5hbWljIjp0cnVlLCJjb250ZW50IjoicG9zdF9saW5rX3VybF9wYWdlIiwic2V0dGluZ3MiOnsicG9zdF9pZCI6IjQ1In19@&#8221; button_text=&#8221;Contacta-nos&#8221; button_alignment=&#8221;center&#8221; _builder_version=&#8221;4.21.0&#8243; _dynamic_attributes=&#8221;button_url&#8221; custom_button=&#8221;on&#8221; button_text_size=&#8221;12px&#8221; button_text_color=&#8221;#000000&#8243; button_bg_color=&#8221;#fff0ec&#8221; button_border_width=&#8221;0px&#8221; button_border_radius=&#8221;0px&#8221; button_letter_spacing=&#8221;2px&#8221; button_font=&#8221;Montserrat|600||on|||||&#8221; custom_margin=&#8221;|51px|||false|false&#8221; custom_margin_tablet=&#8221;|||0%|false|false&#8221; custom_margin_phone=&#8221;&#8221; custom_margin_last_edited=&#8221;on|tablet&#8221; custom_padding=&#8221;20px|30px|20px|30px|true|true&#8221; locked=&#8221;off&#8221; global_colors_info=&#8221;{}&#8221; button_bg_color__hover=&#8221;#ffddd3&#8243; button_bg_color__hover_enabled=&#8221;on|hover&#8221;][\/et_pb_button][\/et_pb_column][\/et_pb_row][\/et_pb_section]<\/p>\n","protected":false},"excerpt":{"rendered":"<p>Sobre a Sara Gra\u00e7as \u00e0 persist\u00eancia, acabei por me tornar modelo profissional para grandes marcas de alta costura. O meu sonho expandiu-se quando criei a minha pr\u00f3pria ag\u00eancia de modelos. Oferecer um espa\u00e7o para ouvir e cuidar era essencial para mim. Esta experi\u00eancia deu-me o privil\u00e9gio de trabalhar com grandes nomes da moda, da relojoaria [&hellip;]<\/p>\n","protected":false},"author":1,"featured_media":30959,"parent":0,"menu_order":0,"comment_status":"closed","ping_status":"closed","template":"","meta":{"_et_pb_use_builder":"on","_et_pb_old_content":"","_et_gb_content_width":"","footnotes":""},"class_list":["post-30958","page","type-page","status-publish","has-post-thumbnail","hentry"],"yoast_head":"<!-- This site is optimized with the Yoast SEO plugin v27.3 - https:\/\/yoast.com\/product\/yoast-seo-wordpress\/ -->\n<title>Sobre - Sarasfashionacademy.com<\/title>\n<meta name=\"description\" content=\"A Sara\u2019s Fashion Academy \u00e9 uma academia de modelos online fundada pela ex-modelo profissional Sara Silva, que oferece forma\u00e7\u00e3o e acompanhamento personalizados para aspirantes a modelos e entusiastas da moda. Com orienta\u00e7\u00e3o aprofundada sobre poses, t\u00e9cnicas de passerelle, marca pessoal e desenvolvimento da autoconfian\u00e7a, a Academia apoia tanto os principiantes como os talentos experientes. Junte-se a uma comunidade apaixonada e liberte o seu potencial na ind\u00fastria da moda com mentoria individual personalizada e recursos abrangentes criados para o ajudar a alcan\u00e7ar o sucesso.\" \/>\n<meta name=\"robots\" content=\"index, follow, max-snippet:-1, max-image-preview:large, max-video-preview:-1\" \/>\n<link rel=\"canonical\" href=\"https:\/\/sarasfashionacademy.com\/pt-pt\/sobre\/\" \/>\n<meta property=\"og:locale\" content=\"pt_PT\" \/>\n<meta property=\"og:type\" content=\"article\" \/>\n<meta property=\"og:title\" content=\"Sobre - Sarasfashionacademy.com\" \/>\n<meta property=\"og:description\" content=\"A Sara\u2019s Fashion Academy \u00e9 uma academia de modelos online fundada pela ex-modelo profissional Sara Silva, que oferece forma\u00e7\u00e3o e acompanhamento personalizados para aspirantes a modelos e entusiastas da moda. Com orienta\u00e7\u00e3o aprofundada sobre poses, t\u00e9cnicas de passerelle, marca pessoal e desenvolvimento da autoconfian\u00e7a, a Academia apoia tanto os principiantes como os talentos experientes. Junte-se a uma comunidade apaixonada e liberte o seu potencial na ind\u00fastria da moda com mentoria individual personalizada e recursos abrangentes criados para o ajudar a alcan\u00e7ar o sucesso.\" \/>\n<meta property=\"og:url\" content=\"https:\/\/sarasfashionacademy.com\/pt-pt\/sobre\/\" \/>\n<meta property=\"og:site_name\" content=\"Sarasfashionacademy.com\" \/>\n<meta property=\"article:publisher\" content=\"https:\/\/www.facebook.com\/sarasfashionacademy\" \/>\n<meta property=\"article:modified_time\" content=\"2026-01-31T17:03:58+00:00\" \/>\n<meta property=\"og:image\" content=\"https:\/\/sarasfashionacademy.com\/wp-content\/uploads\/2023\/07\/61c83b52be161_8536747A-7623-4529-9584-2C623EF5FA34.jpeg\" \/>\n\t<meta property=\"og:image:width\" content=\"818\" \/>\n\t<meta property=\"og:image:height\" content=\"818\" \/>\n\t<meta property=\"og:image:type\" content=\"image\/jpeg\" \/>\n<meta name=\"twitter:card\" content=\"summary_large_image\" \/>\n<meta name=\"twitter:label1\" content=\"Tempo estimado de leitura\" \/>\n\t<meta name=\"twitter:data1\" content=\"6 minutos\" \/>\n<script type=\"application\/ld+json\" class=\"yoast-schema-graph\">{\"@context\":\"https:\\\/\\\/schema.org\",\"@graph\":[{\"@type\":\"WebPage\",\"@id\":\"https:\\\/\\\/sarasfashionacademy.com\\\/pt-pt\\\/sobre\\\/\",\"url\":\"https:\\\/\\\/sarasfashionacademy.com\\\/pt-pt\\\/sobre\\\/\",\"name\":\"Sobre - Sarasfashionacademy.com\",\"isPartOf\":{\"@id\":\"https:\\\/\\\/sarasfashionacademy.com\\\/#website\"},\"primaryImageOfPage\":{\"@id\":\"https:\\\/\\\/sarasfashionacademy.com\\\/pt-pt\\\/sobre\\\/#primaryimage\"},\"image\":{\"@id\":\"https:\\\/\\\/sarasfashionacademy.com\\\/pt-pt\\\/sobre\\\/#primaryimage\"},\"thumbnailUrl\":\"https:\\\/\\\/sarasfashionacademy.com\\\/wp-content\\\/uploads\\\/2023\\\/07\\\/61c83b52be161_8536747A-7623-4529-9584-2C623EF5FA34.jpeg\",\"datePublished\":\"2023-07-25T15:25:39+00:00\",\"dateModified\":\"2026-01-31T17:03:58+00:00\",\"description\":\"A Sara\u2019s Fashion Academy \u00e9 uma academia de modelos online fundada pela ex-modelo profissional Sara Silva, que oferece forma\u00e7\u00e3o e acompanhamento personalizados para aspirantes a modelos e entusiastas da moda. Com orienta\u00e7\u00e3o aprofundada sobre poses, t\u00e9cnicas de passerelle, marca pessoal e desenvolvimento da autoconfian\u00e7a, a Academia apoia tanto os principiantes como os talentos experientes. Junte-se a uma comunidade apaixonada e liberte o seu potencial na ind\u00fastria da moda com mentoria individual personalizada e recursos abrangentes criados para o ajudar a alcan\u00e7ar o sucesso.\",\"breadcrumb\":{\"@id\":\"https:\\\/\\\/sarasfashionacademy.com\\\/pt-pt\\\/sobre\\\/#breadcrumb\"},\"inLanguage\":\"pt-PT\",\"potentialAction\":[{\"@type\":\"ReadAction\",\"target\":[\"https:\\\/\\\/sarasfashionacademy.com\\\/pt-pt\\\/sobre\\\/\"]}]},{\"@type\":\"ImageObject\",\"inLanguage\":\"pt-PT\",\"@id\":\"https:\\\/\\\/sarasfashionacademy.com\\\/pt-pt\\\/sobre\\\/#primaryimage\",\"url\":\"https:\\\/\\\/sarasfashionacademy.com\\\/wp-content\\\/uploads\\\/2023\\\/07\\\/61c83b52be161_8536747A-7623-4529-9584-2C623EF5FA34.jpeg\",\"contentUrl\":\"https:\\\/\\\/sarasfashionacademy.com\\\/wp-content\\\/uploads\\\/2023\\\/07\\\/61c83b52be161_8536747A-7623-4529-9584-2C623EF5FA34.jpeg\",\"width\":818,\"height\":818,\"caption\":\"Sara fashion academy mannequin en ligne\"},{\"@type\":\"BreadcrumbList\",\"@id\":\"https:\\\/\\\/sarasfashionacademy.com\\\/pt-pt\\\/sobre\\\/#breadcrumb\",\"itemListElement\":[{\"@type\":\"ListItem\",\"position\":1,\"name\":\"Accueil\",\"item\":\"https:\\\/\\\/sarasfashionacademy.com\\\/pt-pt\\\/\"},{\"@type\":\"ListItem\",\"position\":2,\"name\":\"PT_Sobre\"}]},{\"@type\":\"WebSite\",\"@id\":\"https:\\\/\\\/sarasfashionacademy.com\\\/#website\",\"url\":\"https:\\\/\\\/sarasfashionacademy.com\\\/\",\"name\":\"Sarasfashionacademy.com\",\"description\":\"R\u00e9alise ton r\u00eave en propulsant ta carri\u00e8re de mannequin professionnel.\",\"publisher\":{\"@id\":\"https:\\\/\\\/sarasfashionacademy.com\\\/#organization\"},\"potentialAction\":[{\"@type\":\"SearchAction\",\"target\":{\"@type\":\"EntryPoint\",\"urlTemplate\":\"https:\\\/\\\/sarasfashionacademy.com\\\/?s={search_term_string}\"},\"query-input\":{\"@type\":\"PropertyValueSpecification\",\"valueRequired\":true,\"valueName\":\"search_term_string\"}}],\"inLanguage\":\"pt-PT\"},{\"@type\":\"Organization\",\"@id\":\"https:\\\/\\\/sarasfashionacademy.com\\\/#organization\",\"name\":\"Sarasfashionacademy.com\",\"url\":\"https:\\\/\\\/sarasfashionacademy.com\\\/\",\"logo\":{\"@type\":\"ImageObject\",\"inLanguage\":\"pt-PT\",\"@id\":\"https:\\\/\\\/sarasfashionacademy.com\\\/#\\\/schema\\\/logo\\\/image\\\/\",\"url\":\"https:\\\/\\\/sarasfashionacademy.com\\\/wp-content\\\/uploads\\\/2023\\\/09\\\/cropped-Logo-Saras-1.jpg\",\"contentUrl\":\"https:\\\/\\\/sarasfashionacademy.com\\\/wp-content\\\/uploads\\\/2023\\\/09\\\/cropped-Logo-Saras-1.jpg\",\"width\":512,\"height\":512,\"caption\":\"Sarasfashionacademy.com\"},\"image\":{\"@id\":\"https:\\\/\\\/sarasfashionacademy.com\\\/#\\\/schema\\\/logo\\\/image\\\/\"},\"sameAs\":[\"https:\\\/\\\/www.facebook.com\\\/sarasfashionacademy\",\"https:\\\/\\\/www.instagram.com\\\/sarasfashionacademy\"]}]}<\/script>\n<!-- \/ Yoast SEO plugin. -->","yoast_head_json":{"title":"Sobre - Sarasfashionacademy.com","description":"A Sara\u2019s Fashion Academy \u00e9 uma academia de modelos online fundada pela ex-modelo profissional Sara Silva, que oferece forma\u00e7\u00e3o e acompanhamento personalizados para aspirantes a modelos e entusiastas da moda. Com orienta\u00e7\u00e3o aprofundada sobre poses, t\u00e9cnicas de passerelle, marca pessoal e desenvolvimento da autoconfian\u00e7a, a Academia apoia tanto os principiantes como os talentos experientes. Junte-se a uma comunidade apaixonada e liberte o seu potencial na ind\u00fastria da moda com mentoria individual personalizada e recursos abrangentes criados para o ajudar a alcan\u00e7ar o sucesso.","robots":{"index":"index","follow":"follow","max-snippet":"max-snippet:-1","max-image-preview":"max-image-preview:large","max-video-preview":"max-video-preview:-1"},"canonical":"https:\/\/sarasfashionacademy.com\/pt-pt\/sobre\/","og_locale":"pt_PT","og_type":"article","og_title":"Sobre - Sarasfashionacademy.com","og_description":"A Sara\u2019s Fashion Academy \u00e9 uma academia de modelos online fundada pela ex-modelo profissional Sara Silva, que oferece forma\u00e7\u00e3o e acompanhamento personalizados para aspirantes a modelos e entusiastas da moda. Com orienta\u00e7\u00e3o aprofundada sobre poses, t\u00e9cnicas de passerelle, marca pessoal e desenvolvimento da autoconfian\u00e7a, a Academia apoia tanto os principiantes como os talentos experientes. Junte-se a uma comunidade apaixonada e liberte o seu potencial na ind\u00fastria da moda com mentoria individual personalizada e recursos abrangentes criados para o ajudar a alcan\u00e7ar o sucesso.","og_url":"https:\/\/sarasfashionacademy.com\/pt-pt\/sobre\/","og_site_name":"Sarasfashionacademy.com","article_publisher":"https:\/\/www.facebook.com\/sarasfashionacademy","article_modified_time":"2026-01-31T17:03:58+00:00","og_image":[{"width":818,"height":818,"url":"https:\/\/sarasfashionacademy.com\/wp-content\/uploads\/2023\/07\/61c83b52be161_8536747A-7623-4529-9584-2C623EF5FA34.jpeg","type":"image\/jpeg"}],"twitter_card":"summary_large_image","twitter_misc":{"Tempo estimado de leitura":"6 minutos"},"schema":{"@context":"https:\/\/schema.org","@graph":[{"@type":"WebPage","@id":"https:\/\/sarasfashionacademy.com\/pt-pt\/sobre\/","url":"https:\/\/sarasfashionacademy.com\/pt-pt\/sobre\/","name":"Sobre - Sarasfashionacademy.com","isPartOf":{"@id":"https:\/\/sarasfashionacademy.com\/#website"},"primaryImageOfPage":{"@id":"https:\/\/sarasfashionacademy.com\/pt-pt\/sobre\/#primaryimage"},"image":{"@id":"https:\/\/sarasfashionacademy.com\/pt-pt\/sobre\/#primaryimage"},"thumbnailUrl":"https:\/\/sarasfashionacademy.com\/wp-content\/uploads\/2023\/07\/61c83b52be161_8536747A-7623-4529-9584-2C623EF5FA34.jpeg","datePublished":"2023-07-25T15:25:39+00:00","dateModified":"2026-01-31T17:03:58+00:00","description":"A Sara\u2019s Fashion Academy \u00e9 uma academia de modelos online fundada pela ex-modelo profissional Sara Silva, que oferece forma\u00e7\u00e3o e acompanhamento personalizados para aspirantes a modelos e entusiastas da moda. Com orienta\u00e7\u00e3o aprofundada sobre poses, t\u00e9cnicas de passerelle, marca pessoal e desenvolvimento da autoconfian\u00e7a, a Academia apoia tanto os principiantes como os talentos experientes. Junte-se a uma comunidade apaixonada e liberte o seu potencial na ind\u00fastria da moda com mentoria individual personalizada e recursos abrangentes criados para o ajudar a alcan\u00e7ar o sucesso.","breadcrumb":{"@id":"https:\/\/sarasfashionacademy.com\/pt-pt\/sobre\/#breadcrumb"},"inLanguage":"pt-PT","potentialAction":[{"@type":"ReadAction","target":["https:\/\/sarasfashionacademy.com\/pt-pt\/sobre\/"]}]},{"@type":"ImageObject","inLanguage":"pt-PT","@id":"https:\/\/sarasfashionacademy.com\/pt-pt\/sobre\/#primaryimage","url":"https:\/\/sarasfashionacademy.com\/wp-content\/uploads\/2023\/07\/61c83b52be161_8536747A-7623-4529-9584-2C623EF5FA34.jpeg","contentUrl":"https:\/\/sarasfashionacademy.com\/wp-content\/uploads\/2023\/07\/61c83b52be161_8536747A-7623-4529-9584-2C623EF5FA34.jpeg","width":818,"height":818,"caption":"Sara fashion academy mannequin en ligne"},{"@type":"BreadcrumbList","@id":"https:\/\/sarasfashionacademy.com\/pt-pt\/sobre\/#breadcrumb","itemListElement":[{"@type":"ListItem","position":1,"name":"Accueil","item":"https:\/\/sarasfashionacademy.com\/pt-pt\/"},{"@type":"ListItem","position":2,"name":"PT_Sobre"}]},{"@type":"WebSite","@id":"https:\/\/sarasfashionacademy.com\/#website","url":"https:\/\/sarasfashionacademy.com\/","name":"Sarasfashionacademy.com","description":"R\u00e9alise ton r\u00eave en propulsant ta carri\u00e8re de mannequin professionnel.","publisher":{"@id":"https:\/\/sarasfashionacademy.com\/#organization"},"potentialAction":[{"@type":"SearchAction","target":{"@type":"EntryPoint","urlTemplate":"https:\/\/sarasfashionacademy.com\/?s={search_term_string}"},"query-input":{"@type":"PropertyValueSpecification","valueRequired":true,"valueName":"search_term_string"}}],"inLanguage":"pt-PT"},{"@type":"Organization","@id":"https:\/\/sarasfashionacademy.com\/#organization","name":"Sarasfashionacademy.com","url":"https:\/\/sarasfashionacademy.com\/","logo":{"@type":"ImageObject","inLanguage":"pt-PT","@id":"https:\/\/sarasfashionacademy.com\/#\/schema\/logo\/image\/","url":"https:\/\/sarasfashionacademy.com\/wp-content\/uploads\/2023\/09\/cropped-Logo-Saras-1.jpg","contentUrl":"https:\/\/sarasfashionacademy.com\/wp-content\/uploads\/2023\/09\/cropped-Logo-Saras-1.jpg","width":512,"height":512,"caption":"Sarasfashionacademy.com"},"image":{"@id":"https:\/\/sarasfashionacademy.com\/#\/schema\/logo\/image\/"},"sameAs":["https:\/\/www.facebook.com\/sarasfashionacademy","https:\/\/www.instagram.com\/sarasfashionacademy"]}]}},"_links":{"self":[{"href":"https:\/\/sarasfashionacademy.com\/pt-pt\/wp-json\/wp\/v2\/pages\/30958","targetHints":{"allow":["GET"]}}],"collection":[{"href":"https:\/\/sarasfashionacademy.com\/pt-pt\/wp-json\/wp\/v2\/pages"}],"about":[{"href":"https:\/\/sarasfashionacademy.com\/pt-pt\/wp-json\/wp\/v2\/types\/page"}],"author":[{"embeddable":true,"href":"https:\/\/sarasfashionacademy.com\/pt-pt\/wp-json\/wp\/v2\/users\/1"}],"replies":[{"embeddable":true,"href":"https:\/\/sarasfashionacademy.com\/pt-pt\/wp-json\/wp\/v2\/comments?post=30958"}],"version-history":[{"count":5,"href":"https:\/\/sarasfashionacademy.com\/pt-pt\/wp-json\/wp\/v2\/pages\/30958\/revisions"}],"predecessor-version":[{"id":31422,"href":"https:\/\/sarasfashionacademy.com\/pt-pt\/wp-json\/wp\/v2\/pages\/30958\/revisions\/31422"}],"wp:featuredmedia":[{"embeddable":true,"href":"https:\/\/sarasfashionacademy.com\/pt-pt\/wp-json\/wp\/v2\/media\/30959"}],"wp:attachment":[{"href":"https:\/\/sarasfashionacademy.com\/pt-pt\/wp-json\/wp\/v2\/media?parent=30958"}],"curies":[{"name":"wp","href":"https:\/\/api.w.org\/{rel}","templated":true}]}}