{"id":31031,"date":"2024-03-14T14:47:36","date_gmt":"2024-03-14T13:47:36","guid":{"rendered":"https:\/\/sarasfashionacademy.com\/pt_masterclass-de-maquilhagem-para-homem\/"},"modified":"2026-03-19T15:10:56","modified_gmt":"2026-03-19T14:10:56","slug":"maquilhagem-para-homem","status":"publish","type":"page","link":"https:\/\/sarasfashionacademy.com\/pt-pt\/maquilhagem-para-homem\/","title":{"rendered":"PT_Masterclass de maquilhagem para homem"},"content":{"rendered":"<p>[et_pb_section fb_built=&#8221;1&#8243; admin_label=&#8221;section&#8221; _builder_version=&#8221;4.16&#8243; custom_padding=&#8221;0px|||||&#8221; locked=&#8221;off&#8221; global_colors_info=&#8221;{}&#8221;][et_pb_row column_structure=&#8221;1_2,1_2&#8243; make_equal=&#8221;on&#8221; _builder_version=&#8221;4.24.2&#8243; _module_preset=&#8221;default&#8221; width=&#8221;90%&#8221; width_tablet=&#8221;&#8221; width_phone=&#8221;95%&#8221; width_last_edited=&#8221;on|phone&#8221; max_width=&#8221;1467px&#8221; custom_margin_tablet=&#8221;&#8221; custom_margin_phone=&#8221;0px||||false|false&#8221; custom_margin_last_edited=&#8221;on|phone&#8221; custom_padding=&#8221;0px|||||&#8221; locked=&#8221;off&#8221; global_colors_info=&#8221;{}&#8221;][et_pb_column type=&#8221;1_2&#8243; _builder_version=&#8221;4.21.0&#8243; _module_preset=&#8221;default&#8221; background_enable_image=&#8221;off&#8221; parallax=&#8221;on&#8221; global_colors_info=&#8221;{}&#8221;][et_pb_image src=&#8221;https:\/\/sarasfashionacademy.com\/wp-content\/uploads\/2024\/03\/Photo-Makeup-Homme-.png&#8221; title_text=&#8221;Photo Makeup Homme&#8221; _builder_version=&#8221;4.24.2&#8243; _module_preset=&#8221;default&#8221; custom_margin=&#8221;72px||||false|false&#8221; custom_margin_tablet=&#8221;72px||||false|false&#8221; custom_margin_phone=&#8221;0px||||false|false&#8221; custom_margin_last_edited=&#8221;on|phone&#8221; global_colors_info=&#8221;{}&#8221;][\/et_pb_image][\/et_pb_column][et_pb_column type=&#8221;1_2&#8243; _builder_version=&#8221;4.16&#8243; _module_preset=&#8221;default&#8221; global_colors_info=&#8221;{}&#8221;][et_pb_text _builder_version=&#8221;4.24.2&#8243; _module_preset=&#8221;default&#8221; text_font=&#8221;Bellefair|700|||||||&#8221; text_text_color=&#8221;#000000&#8243; text_font_size=&#8221;26px&#8221; header_2_font=&#8221;Brittany|700|||||||&#8221; header_2_text_color=&#8221;#000000&#8243; header_2_font_size=&#8221;40px&#8221; background_color=&#8221;#fff0ec&#8221; custom_margin=&#8221;41px|||-171px|false|false&#8221; custom_margin_tablet=&#8221;&#8221; custom_margin_phone=&#8221;-103px|||0px|false|false&#8221; custom_margin_last_edited=&#8221;on|phone&#8221; custom_padding=&#8221;17px|20px|17px|20px|true|true&#8221; text_font_size_tablet=&#8221;&#8221; text_font_size_phone=&#8221;24px&#8221; text_font_size_last_edited=&#8221;on|phone&#8221; border_width_all=&#8221;1px&#8221; global_colors_info=&#8221;{}&#8221;]<\/p>\n<p>O que vai <span style=\"color: #808080; font-family: Brittany; font-size: 35px;\">descobrir<\/span>:<\/p>\n<p>[\/et_pb_text][et_pb_blurb title=&#8221;Maquilhagem nude&#8221; use_icon=&#8221;on&#8221; font_icon=&#8221;&#x4e;||divi||400&#8243; icon_color=&#8221;#ffa589&#8243; icon_placement=&#8221;left&#8221; image_icon_width=&#8221;33px&#8221; content_max_width=&#8221;615px&#8221; _builder_version=&#8221;4.25.0&#8243; _module_preset=&#8221;default&#8221; header_text_color=&#8221;#000000&#8243; header_font_size=&#8221;20px&#8221; header_line_height=&#8221;2.1em&#8221; body_font=&#8221;|300|||||||&#8221; body_font_size=&#8221;14px&#8221; custom_margin=&#8221;||-2px|||&#8221; header_font_size_tablet=&#8221;20px&#8221; header_font_size_phone=&#8221;18px&#8221; header_font_size_last_edited=&#8221;on|phone&#8221; header_line_height_tablet=&#8221;2.1em&#8221; header_line_height_phone=&#8221;1.4em&#8221; header_line_height_last_edited=&#8221;on|phone&#8221; global_colors_info=&#8221;{}&#8221;]<\/p>\n<p>Descobre os segredos para um visual natural perfeito, ideal para castings ou para real\u00e7ar a tua beleza natural sem esfor\u00e7o.<\/p>\n<p>[\/et_pb_blurb][et_pb_blurb title=&#8221;Maquilhagem para Passarela e Desfiles&#8221; use_icon=&#8221;on&#8221; font_icon=&#8221;&#x4e;||divi||400&#8243; icon_color=&#8221;#ffa589&#8243; icon_placement=&#8221;left&#8221; image_icon_width=&#8221;33px&#8221; content_max_width=&#8221;615px&#8221; _builder_version=&#8221;4.24.2&#8243; _module_preset=&#8221;default&#8221; header_text_color=&#8221;#000000&#8243; header_font_size=&#8221;20px&#8221; header_line_height=&#8221;2.1em&#8221; body_font=&#8221;|300|||||||&#8221; body_font_size=&#8221;14px&#8221; custom_margin=&#8221;10px||-2px||false|false&#8221; header_font_size_tablet=&#8221;20px&#8221; header_font_size_phone=&#8221;18px&#8221; header_font_size_last_edited=&#8221;on|phone&#8221; header_line_height_tablet=&#8221;2.1em&#8221; header_line_height_phone=&#8221;1.4em&#8221; header_line_height_last_edited=&#8221;on|phone&#8221; global_colors_info=&#8221;{}&#8221;]<\/p>\n<p><span class=\"s1\"><b><\/b><\/span>Domina as t\u00e9cnicas de maquilhagem impactantes, criadas para atrair olhares em grandes eventos.<\/p>\n<p>[\/et_pb_blurb][et_pb_blurb title=&#8221;Maquilhagem Art\u00edstica&#8221; use_icon=&#8221;on&#8221; font_icon=&#8221;&#x4e;||divi||400&#8243; icon_color=&#8221;#ffa589&#8243; icon_placement=&#8221;left&#8221; image_icon_width=&#8221;33px&#8221; content_max_width=&#8221;615px&#8221; _builder_version=&#8221;4.24.2&#8243; _module_preset=&#8221;default&#8221; header_text_color=&#8221;#000000&#8243; header_font_size=&#8221;20px&#8221; header_line_height=&#8221;2.1em&#8221; body_font=&#8221;|300|||||||&#8221; body_font_size=&#8221;14px&#8221; custom_margin=&#8221;10px||-2px||false|false&#8221; header_font_size_tablet=&#8221;20px&#8221; header_font_size_phone=&#8221;18px&#8221; header_font_size_last_edited=&#8221;on|phone&#8221; header_line_height_tablet=&#8221;2.1em&#8221; header_line_height_phone=&#8221;1.4em&#8221; header_line_height_last_edited=&#8221;on|phone&#8221; global_colors_info=&#8221;{}&#8221;]<\/p>\n<p><span class=\"s1\"><b><\/b><\/span>Liberta a tua criatividade com estilos ousados \u200b\u200be art\u00edsticos que fogem do comum.<\/p>\n<p>[\/et_pb_blurb][et_pb_blurb title=&#8221;B\u00f3nus&#8221; use_icon=&#8221;on&#8221; font_icon=&#8221;&#x4e;||divi||400&#8243; icon_color=&#8221;#ffa589&#8243; icon_placement=&#8221;left&#8221; image_icon_width=&#8221;33px&#8221; content_max_width=&#8221;615px&#8221; _builder_version=&#8221;4.24.2&#8243; _module_preset=&#8221;default&#8221; header_text_color=&#8221;#000000&#8243; header_font_size=&#8221;20px&#8221; header_line_height=&#8221;2.1em&#8221; body_font=&#8221;|300|||||||&#8221; body_font_size=&#8221;14px&#8221; custom_margin=&#8221;10px||-2px||false|false&#8221; header_font_size_tablet=&#8221;20px&#8221; header_font_size_phone=&#8221;18px&#8221; header_font_size_last_edited=&#8221;on|phone&#8221; header_line_height_tablet=&#8221;2.1em&#8221; header_line_height_phone=&#8221;1.4em&#8221; header_line_height_last_edited=&#8221;on|phone&#8221; global_colors_info=&#8221;{}&#8221;]<\/p>\n<p class=\"p1\">Um v\u00eddeo explicativo para te guiar passo a passo na aprendizagem dos conceitos b\u00e1sicos, permitindo-te tirar o m\u00e1ximo partido de cada tutorial.<\/p>\n<p>[\/et_pb_blurb][\/et_pb_column][\/et_pb_row][et_pb_row column_structure=&#8221;1_2,1_2&#8243; make_equal=&#8221;on&#8221; _builder_version=&#8221;4.24.2&#8243; _module_preset=&#8221;default&#8221; width=&#8221;90%&#8221; width_tablet=&#8221;&#8221; width_phone=&#8221;95%&#8221; width_last_edited=&#8221;on|phone&#8221; max_width=&#8221;1467px&#8221; custom_margin_tablet=&#8221;&#8221; custom_margin_phone=&#8221;0px||||false|false&#8221; custom_margin_last_edited=&#8221;on|phone&#8221; custom_padding=&#8221;0px|||||&#8221; locked=&#8221;off&#8221; global_colors_info=&#8221;{}&#8221;][et_pb_column type=&#8221;1_2&#8243; _builder_version=&#8221;4.16&#8243; _module_preset=&#8221;default&#8221; global_colors_info=&#8221;{}&#8221;][et_pb_text _builder_version=&#8221;4.24.2&#8243; _module_preset=&#8221;default&#8221; text_font=&#8221;Bellefair|700|||||||&#8221; text_text_color=&#8221;#000000&#8243; text_font_size=&#8221;26px&#8221; header_2_font=&#8221;Brittany|700|||||||&#8221; header_2_text_color=&#8221;#000000&#8243; header_2_font_size=&#8221;40px&#8221; background_color=&#8221;#fff0ec&#8221; custom_margin=&#8221;41px|-222px|||false|false&#8221; custom_margin_tablet=&#8221;&#8221; custom_margin_phone=&#8221;-103px|||0px|false|false&#8221; custom_margin_last_edited=&#8221;on|phone&#8221; custom_padding=&#8221;17px|20px|17px|20px|true|true&#8221; text_font_size_tablet=&#8221;&#8221; text_font_size_phone=&#8221;24px&#8221; text_font_size_last_edited=&#8221;on|phone&#8221; border_width_all=&#8221;1px&#8221; global_colors_info=&#8221;{}&#8221;]Transforma a tua paix\u00e3o em arte.[\/et_pb_text][et_pb_text _builder_version=&#8221;4.25.0&#8243; _module_preset=&#8221;default&#8221; text_font=&#8221;|300|||||||&#8221; text_text_color=&#8221;#000000&#8243; text_orientation=&#8221;justified&#8221; width=&#8221;100%&#8221; module_alignment=&#8221;center&#8221; locked=&#8221;off&#8221; global_colors_info=&#8221;{}&#8221;]<\/p>\n<div class=\"sc-dHIava hfrzFu\">\n<section id=\"section-4a814ed4\" class=\"sc-eLdqWK eBKjCz\">\n<div class=\"sc-ejGVNB hAjJij\">\n<div class=\"sc-dHIava cDRtXJ\">\n<div id=\"row-a9f617bf\" class=\"sc-hcmgZB IgvUx\">\n<div class=\"sc-sPYgB iZVacQ\">\n<div class=\"sc-dHIava iLPoxV\">\n<div id=\"text-ec5d0114\" class=\"sc-cooIXK cIFOAV\">\n<p class=\"p1\">A nossa Masterclass n\u00e3o se limita a ensinar t\u00e9cnicas de maquilhagem; inspira-te a explorar a tua identidade e a expressar a tua individualidade com confian\u00e7a. Cada v\u00eddeo foi desenvolvido para te fornecer as compet\u00eancias e a confian\u00e7a necess\u00e1rias para experimentar e criar o teu pr\u00f3prio estilo \u00fanico. <\/p>\n<\/div>\n<\/div>\n<\/div>\n<\/div>\n<\/div>\n<\/div>\n<\/section>\n<\/div>\n<p>[\/et_pb_text][et_pb_cta title=&#8221;Preparado para deixar uma marca indel\u00e9vel no mundo da moda? &#8221; button_text=&#8221;Pre\u00e7o: 197\u20ac&#8221; _builder_version=&#8221;4.27.6&#8243; _module_preset=&#8221;default&#8221; header_font=&#8221;|600|||||||&#8221; header_text_color=&#8221;#000000&#8243; header_font_size=&#8221;20px&#8221; body_font=&#8221;|300|||||||&#8221; body_text_color=&#8221;#000000&#8243; custom_button=&#8221;on&#8221; button_text_size=&#8221;16px&#8221; button_border_width=&#8221;1px&#8221; button_font=&#8221;|600|||||||&#8221; hover_enabled=&#8221;0&#8243; global_colors_info=&#8221;{}&#8221; button_url=&#8221;@ET-DC@eyJkeW5hbWljIjp0cnVlLCJjb250ZW50IjoicG9zdF9saW5rX3VybF9wcm9kdWN0Iiwic2V0dGluZ3MiOnsicG9zdF9pZCI6IjMxNDcyIn19@&#8221; _dynamic_attributes=&#8221;button_url&#8221; sticky_enabled=&#8221;0&#8243;]<\/p>\n<p>Junta-te a n\u00f3s e transforma a tua vis\u00e3o em realidade.<\/p>\n<p>[\/et_pb_cta][\/et_pb_column][et_pb_column type=&#8221;1_2&#8243; _builder_version=&#8221;4.21.0&#8243; _module_preset=&#8221;default&#8221; background_enable_image=&#8221;off&#8221; parallax=&#8221;on&#8221; global_colors_info=&#8221;{}&#8221;][et_pb_image src=&#8221;https:\/\/sarasfashionacademy.com\/wp-content\/uploads\/2024\/07\/Cover-Programas-2.png&#8221; title_text=&#8221;Cover Programas (2)&#8221; _builder_version=&#8221;4.25.0&#8243; _module_preset=&#8221;default&#8221; width=&#8221;79%&#8221; custom_margin=&#8221;118px||||false|false&#8221; custom_margin_tablet=&#8221;72px||||false|false&#8221; custom_margin_phone=&#8221;0px||||false|false&#8221; custom_margin_last_edited=&#8221;on|phone&#8221; global_colors_info=&#8221;{}&#8221;][\/et_pb_image][\/et_pb_column][\/et_pb_row][\/et_pb_section]<\/p>\n","protected":false},"excerpt":{"rendered":"<p>O que vai descobrir:Descobre os segredos para um visual natural perfeito, ideal para castings ou para real\u00e7ar a tua beleza natural sem esfor\u00e7o.Domina as t\u00e9cnicas de maquilhagem impactantes, criadas para atrair olhares em grandes eventos.Liberta a tua criatividade com estilos ousados \u200b\u200be art\u00edsticos que fogem do comum.Um v\u00eddeo explicativo para te guiar passo a passo [&hellip;]<\/p>\n","protected":false},"author":1,"featured_media":0,"parent":0,"menu_order":0,"comment_status":"closed","ping_status":"closed","template":"","meta":{"_et_pb_use_builder":"on","_et_pb_old_content":"","_et_gb_content_width":"","footnotes":""},"class_list":["post-31031","page","type-page","status-publish","hentry"],"yoast_head":"<!-- This site is optimized with the Yoast SEO plugin v27.3 - https:\/\/yoast.com\/product\/yoast-seo-wordpress\/ -->\n<title>Masterclass de maquilhagem para homem - Sarasfashionacademy.com<\/title>\n<meta name=\"description\" content=\"Masterclass de maquilhagem para homem\" \/>\n<meta name=\"robots\" content=\"index, follow, max-snippet:-1, max-image-preview:large, max-video-preview:-1\" \/>\n<link rel=\"canonical\" href=\"https:\/\/sarasfashionacademy.com\/pt-pt\/maquilhagem-para-homem\/\" \/>\n<meta property=\"og:locale\" content=\"pt_PT\" \/>\n<meta property=\"og:type\" content=\"article\" \/>\n<meta property=\"og:title\" content=\"Masterclass de maquilhagem para homem - Sarasfashionacademy.com\" \/>\n<meta property=\"og:description\" content=\"Masterclass de maquilhagem para homem\" \/>\n<meta property=\"og:url\" content=\"https:\/\/sarasfashionacademy.com\/pt-pt\/maquilhagem-para-homem\/\" \/>\n<meta property=\"og:site_name\" content=\"Sarasfashionacademy.com\" \/>\n<meta property=\"article:publisher\" content=\"https:\/\/www.facebook.com\/sarasfashionacademy\" \/>\n<meta property=\"article:modified_time\" content=\"2026-03-19T14:10:56+00:00\" \/>\n<meta name=\"twitter:card\" content=\"summary_large_image\" \/>\n<meta name=\"twitter:label1\" content=\"Tempo estimado de leitura\" \/>\n\t<meta name=\"twitter:data1\" content=\"6 minutos\" \/>\n<script type=\"application\/ld+json\" class=\"yoast-schema-graph\">{\"@context\":\"https:\\\/\\\/schema.org\",\"@graph\":[{\"@type\":\"WebPage\",\"@id\":\"https:\\\/\\\/sarasfashionacademy.com\\\/pt-pt\\\/maquilhagem-para-homem\\\/\",\"url\":\"https:\\\/\\\/sarasfashionacademy.com\\\/pt-pt\\\/maquilhagem-para-homem\\\/\",\"name\":\"Masterclass de maquilhagem para homem - Sarasfashionacademy.com\",\"isPartOf\":{\"@id\":\"https:\\\/\\\/sarasfashionacademy.com\\\/#website\"},\"datePublished\":\"2024-03-14T13:47:36+00:00\",\"dateModified\":\"2026-03-19T14:10:56+00:00\",\"description\":\"Masterclass de maquilhagem para homem\",\"breadcrumb\":{\"@id\":\"https:\\\/\\\/sarasfashionacademy.com\\\/pt-pt\\\/maquilhagem-para-homem\\\/#breadcrumb\"},\"inLanguage\":\"pt-PT\",\"potentialAction\":[{\"@type\":\"ReadAction\",\"target\":[\"https:\\\/\\\/sarasfashionacademy.com\\\/pt-pt\\\/maquilhagem-para-homem\\\/\"]}]},{\"@type\":\"BreadcrumbList\",\"@id\":\"https:\\\/\\\/sarasfashionacademy.com\\\/pt-pt\\\/maquilhagem-para-homem\\\/#breadcrumb\",\"itemListElement\":[{\"@type\":\"ListItem\",\"position\":1,\"name\":\"Accueil\",\"item\":\"https:\\\/\\\/sarasfashionacademy.com\\\/pt-pt\\\/\"},{\"@type\":\"ListItem\",\"position\":2,\"name\":\"PT_Masterclass de maquilhagem para homem\"}]},{\"@type\":\"WebSite\",\"@id\":\"https:\\\/\\\/sarasfashionacademy.com\\\/#website\",\"url\":\"https:\\\/\\\/sarasfashionacademy.com\\\/\",\"name\":\"Sarasfashionacademy.com\",\"description\":\"R\u00e9alise ton r\u00eave en propulsant ta carri\u00e8re de mannequin professionnel.\",\"publisher\":{\"@id\":\"https:\\\/\\\/sarasfashionacademy.com\\\/#organization\"},\"potentialAction\":[{\"@type\":\"SearchAction\",\"target\":{\"@type\":\"EntryPoint\",\"urlTemplate\":\"https:\\\/\\\/sarasfashionacademy.com\\\/?s={search_term_string}\"},\"query-input\":{\"@type\":\"PropertyValueSpecification\",\"valueRequired\":true,\"valueName\":\"search_term_string\"}}],\"inLanguage\":\"pt-PT\"},{\"@type\":\"Organization\",\"@id\":\"https:\\\/\\\/sarasfashionacademy.com\\\/#organization\",\"name\":\"Sarasfashionacademy.com\",\"url\":\"https:\\\/\\\/sarasfashionacademy.com\\\/\",\"logo\":{\"@type\":\"ImageObject\",\"inLanguage\":\"pt-PT\",\"@id\":\"https:\\\/\\\/sarasfashionacademy.com\\\/#\\\/schema\\\/logo\\\/image\\\/\",\"url\":\"https:\\\/\\\/sarasfashionacademy.com\\\/wp-content\\\/uploads\\\/2023\\\/09\\\/cropped-Logo-Saras-1.jpg\",\"contentUrl\":\"https:\\\/\\\/sarasfashionacademy.com\\\/wp-content\\\/uploads\\\/2023\\\/09\\\/cropped-Logo-Saras-1.jpg\",\"width\":512,\"height\":512,\"caption\":\"Sarasfashionacademy.com\"},\"image\":{\"@id\":\"https:\\\/\\\/sarasfashionacademy.com\\\/#\\\/schema\\\/logo\\\/image\\\/\"},\"sameAs\":[\"https:\\\/\\\/www.facebook.com\\\/sarasfashionacademy\",\"https:\\\/\\\/www.instagram.com\\\/sarasfashionacademy\"]}]}<\/script>\n<!-- \/ Yoast SEO plugin. -->","yoast_head_json":{"title":"Masterclass de maquilhagem para homem - Sarasfashionacademy.com","description":"Masterclass de maquilhagem para homem","robots":{"index":"index","follow":"follow","max-snippet":"max-snippet:-1","max-image-preview":"max-image-preview:large","max-video-preview":"max-video-preview:-1"},"canonical":"https:\/\/sarasfashionacademy.com\/pt-pt\/maquilhagem-para-homem\/","og_locale":"pt_PT","og_type":"article","og_title":"Masterclass de maquilhagem para homem - Sarasfashionacademy.com","og_description":"Masterclass de maquilhagem para homem","og_url":"https:\/\/sarasfashionacademy.com\/pt-pt\/maquilhagem-para-homem\/","og_site_name":"Sarasfashionacademy.com","article_publisher":"https:\/\/www.facebook.com\/sarasfashionacademy","article_modified_time":"2026-03-19T14:10:56+00:00","twitter_card":"summary_large_image","twitter_misc":{"Tempo estimado de leitura":"6 minutos"},"schema":{"@context":"https:\/\/schema.org","@graph":[{"@type":"WebPage","@id":"https:\/\/sarasfashionacademy.com\/pt-pt\/maquilhagem-para-homem\/","url":"https:\/\/sarasfashionacademy.com\/pt-pt\/maquilhagem-para-homem\/","name":"Masterclass de maquilhagem para homem - Sarasfashionacademy.com","isPartOf":{"@id":"https:\/\/sarasfashionacademy.com\/#website"},"datePublished":"2024-03-14T13:47:36+00:00","dateModified":"2026-03-19T14:10:56+00:00","description":"Masterclass de maquilhagem para homem","breadcrumb":{"@id":"https:\/\/sarasfashionacademy.com\/pt-pt\/maquilhagem-para-homem\/#breadcrumb"},"inLanguage":"pt-PT","potentialAction":[{"@type":"ReadAction","target":["https:\/\/sarasfashionacademy.com\/pt-pt\/maquilhagem-para-homem\/"]}]},{"@type":"BreadcrumbList","@id":"https:\/\/sarasfashionacademy.com\/pt-pt\/maquilhagem-para-homem\/#breadcrumb","itemListElement":[{"@type":"ListItem","position":1,"name":"Accueil","item":"https:\/\/sarasfashionacademy.com\/pt-pt\/"},{"@type":"ListItem","position":2,"name":"PT_Masterclass de maquilhagem para homem"}]},{"@type":"WebSite","@id":"https:\/\/sarasfashionacademy.com\/#website","url":"https:\/\/sarasfashionacademy.com\/","name":"Sarasfashionacademy.com","description":"R\u00e9alise ton r\u00eave en propulsant ta carri\u00e8re de mannequin professionnel.","publisher":{"@id":"https:\/\/sarasfashionacademy.com\/#organization"},"potentialAction":[{"@type":"SearchAction","target":{"@type":"EntryPoint","urlTemplate":"https:\/\/sarasfashionacademy.com\/?s={search_term_string}"},"query-input":{"@type":"PropertyValueSpecification","valueRequired":true,"valueName":"search_term_string"}}],"inLanguage":"pt-PT"},{"@type":"Organization","@id":"https:\/\/sarasfashionacademy.com\/#organization","name":"Sarasfashionacademy.com","url":"https:\/\/sarasfashionacademy.com\/","logo":{"@type":"ImageObject","inLanguage":"pt-PT","@id":"https:\/\/sarasfashionacademy.com\/#\/schema\/logo\/image\/","url":"https:\/\/sarasfashionacademy.com\/wp-content\/uploads\/2023\/09\/cropped-Logo-Saras-1.jpg","contentUrl":"https:\/\/sarasfashionacademy.com\/wp-content\/uploads\/2023\/09\/cropped-Logo-Saras-1.jpg","width":512,"height":512,"caption":"Sarasfashionacademy.com"},"image":{"@id":"https:\/\/sarasfashionacademy.com\/#\/schema\/logo\/image\/"},"sameAs":["https:\/\/www.facebook.com\/sarasfashionacademy","https:\/\/www.instagram.com\/sarasfashionacademy"]}]}},"_links":{"self":[{"href":"https:\/\/sarasfashionacademy.com\/pt-pt\/wp-json\/wp\/v2\/pages\/31031","targetHints":{"allow":["GET"]}}],"collection":[{"href":"https:\/\/sarasfashionacademy.com\/pt-pt\/wp-json\/wp\/v2\/pages"}],"about":[{"href":"https:\/\/sarasfashionacademy.com\/pt-pt\/wp-json\/wp\/v2\/types\/page"}],"author":[{"embeddable":true,"href":"https:\/\/sarasfashionacademy.com\/pt-pt\/wp-json\/wp\/v2\/users\/1"}],"replies":[{"embeddable":true,"href":"https:\/\/sarasfashionacademy.com\/pt-pt\/wp-json\/wp\/v2\/comments?post=31031"}],"version-history":[{"count":2,"href":"https:\/\/sarasfashionacademy.com\/pt-pt\/wp-json\/wp\/v2\/pages\/31031\/revisions"}],"predecessor-version":[{"id":33129,"href":"https:\/\/sarasfashionacademy.com\/pt-pt\/wp-json\/wp\/v2\/pages\/31031\/revisions\/33129"}],"wp:attachment":[{"href":"https:\/\/sarasfashionacademy.com\/pt-pt\/wp-json\/wp\/v2\/media?parent=31031"}],"curies":[{"name":"wp","href":"https:\/\/api.w.org\/{rel}","templated":true}]}}