{"id":31183,"date":"2024-06-21T19:28:48","date_gmt":"2024-06-21T17:28:48","guid":{"rendered":"https:\/\/sarasfashionacademy.com\/produit\/pt_kit-de-lancamento-pro\/"},"modified":"2026-04-08T06:28:13","modified_gmt":"2026-04-08T04:28:13","slug":"pt_kit-de-lancamento-pro","status":"publish","type":"product","link":"https:\/\/sarasfashionacademy.com\/pt-pt\/produit\/pt_kit-de-lancamento-pro\/","title":{"rendered":"Kit de lan\u00e7amento PRO"},"content":{"rendered":"<p>[et_pb_section fb_built=&#8221;1&#8243; _builder_version=&#8221;4.16&#8243; custom_padding=&#8221;0px||||false|false&#8221; global_colors_info=&#8221;{}&#8221;][et_pb_row _builder_version=&#8221;4.22.2&#8243; background_size=&#8221;initial&#8221; background_position=&#8221;top_left&#8221; background_repeat=&#8221;repeat&#8221; width=&#8221;100%&#8221; custom_padding=&#8221;0px||0px||false|false&#8221; global_colors_info=&#8221;{}&#8221;][et_pb_column type=&#8221;4_4&#8243; _builder_version=&#8221;4.16&#8243; custom_padding=&#8221;|||&#8221; global_colors_info=&#8221;{}&#8221; custom_padding__hover=&#8221;|||&#8221;][et_pb_wc_breadcrumb _builder_version=&#8221;4.16&#8243; global_colors_info=&#8221;{}&#8221;][\/et_pb_wc_breadcrumb][et_pb_wc_cart_notice _builder_version=&#8221;4.16&#8243; global_colors_info=&#8221;{}&#8221;][\/et_pb_wc_cart_notice][\/et_pb_column][\/et_pb_row][et_pb_row column_structure=&#8221;1_2,1_2&#8243; _builder_version=&#8221;4.16&#8243; background_size=&#8221;initial&#8221; background_position=&#8221;top_left&#8221; background_repeat=&#8221;repeat&#8221; width=&#8221;100%&#8221; custom_padding=&#8221;0px||||false|false&#8221; global_colors_info=&#8221;{}&#8221;][et_pb_column type=&#8221;1_2&#8243; _builder_version=&#8221;4.16&#8243; custom_padding=&#8221;|||&#8221; global_colors_info=&#8221;{}&#8221; custom_padding__hover=&#8221;|||&#8221;][et_pb_wc_images _builder_version=&#8221;4.16&#8243; global_colors_info=&#8221;{}&#8221;][\/et_pb_wc_images][\/et_pb_column][et_pb_column type=&#8221;1_2&#8243; _builder_version=&#8221;4.16&#8243; custom_padding=&#8221;|||&#8221; global_colors_info=&#8221;{}&#8221; custom_padding__hover=&#8221;|||&#8221;][et_pb_wc_title _builder_version=&#8221;4.16&#8243; global_colors_info=&#8221;{}&#8221;][\/et_pb_wc_title][et_pb_wc_rating _builder_version=&#8221;4.16&#8243; global_colors_info=&#8221;{}&#8221;][\/et_pb_wc_rating][et_pb_wc_price _builder_version=&#8221;4.16&#8243; global_colors_info=&#8221;{}&#8221;][\/et_pb_wc_price][et_pb_wc_description _builder_version=&#8221;4.16&#8243; global_colors_info=&#8221;{}&#8221;][\/et_pb_wc_description][et_pb_wc_add_to_cart _builder_version=&#8221;4.16&#8243; global_colors_info=&#8221;{}&#8221;][\/et_pb_wc_add_to_cart][et_pb_wc_meta disabled_on=&#8221;on|on|on&#8221; _builder_version=&#8221;4.16&#8243; disabled global_colors_info=&#8221;{}&#8221;][\/et_pb_wc_meta][\/et_pb_column][\/et_pb_row][et_pb_row _builder_version=&#8221;4.27.5&#8243; background_size=&#8221;initial&#8221; background_position=&#8221;top_left&#8221; background_repeat=&#8221;repeat&#8221; width=&#8221;100%&#8221; global_colors_info=&#8221;{}&#8221;][et_pb_column type=&#8221;4_4&#8243; _builder_version=&#8221;4.16&#8243; custom_padding=&#8221;|||&#8221; global_colors_info=&#8221;{}&#8221; custom_padding__hover=&#8221;|||&#8221;][et_pb_wc_tabs _builder_version=&#8221;4.16&#8243; global_colors_info=&#8221;{}&#8221;]\t\t\t\t\t[\/et_pb_wc_tabs][et_pb_wc_upsells _builder_version=&#8221;4.16&#8243; global_colors_info=&#8221;{}&#8221;][\/et_pb_wc_upsells][et_pb_wc_related_products _builder_version=&#8221;4.16&#8243; global_colors_info=&#8221;{}&#8221;][\/et_pb_wc_related_products][\/et_pb_column][\/et_pb_row][\/et_pb_section]<\/p>\n","protected":false},"excerpt":{"rendered":"<p class=\"p1\">&#8220;Kit de lan\u00e7amento Pro: Composite, Portfolio, Polaroids &amp; CV para futuras estrelas&#8221;<\/p>\n","protected":false},"featured_media":31096,"comment_status":"open","ping_status":"closed","template":"","meta":{"_et_pb_use_builder":"on","_et_pb_old_content":"Discover the \"Pro Launch Kit,\" your ultimate passport to turning your passion into a career. Designed specifically for aspiring models and stage performers, this all-in-one kit provides the essential tools to make an unforgettable first impression. From custom composites and a professional portfolio to crisp Polaroids and an impactful resume, every element has been meticulously selected to maximize your chances of success. Ready to take the first step toward your dream?","_et_gb_content_width":""},"product_brand":[],"product_cat":[75],"product_tag":[],"class_list":{"0":"post-31183","1":"product","2":"type-product","3":"status-publish","4":"has-post-thumbnail","6":"product_cat-formacao","8":"first","9":"instock","10":"virtual","11":"sold-individually","12":"purchasable","13":"product-type-course"},"yoast_head":"<!-- This site is optimized with the Yoast SEO plugin v27.3 - https:\/\/yoast.com\/product\/yoast-seo-wordpress\/ -->\n<title>Kit de lan\u00e7amento PRO - Sarasfashionacademy.com<\/title>\n<meta name=\"description\" content=\"Kit de lan\u00e7amento PRO\" \/>\n<meta name=\"robots\" content=\"index, follow, max-snippet:-1, max-image-preview:large, max-video-preview:-1\" \/>\n<link rel=\"canonical\" href=\"https:\/\/sarasfashionacademy.com\/pt-pt\/produit\/pt_kit-de-lancamento-pro\/\" \/>\n<meta property=\"og:locale\" content=\"pt_PT\" \/>\n<meta property=\"og:type\" content=\"article\" \/>\n<meta property=\"og:title\" content=\"Kit de lan\u00e7amento PRO - Sarasfashionacademy.com\" \/>\n<meta property=\"og:description\" content=\"Kit de lan\u00e7amento PRO\" \/>\n<meta property=\"og:url\" content=\"https:\/\/sarasfashionacademy.com\/pt-pt\/produit\/pt_kit-de-lancamento-pro\/\" \/>\n<meta property=\"og:site_name\" content=\"Sarasfashionacademy.com\" \/>\n<meta property=\"article:publisher\" content=\"https:\/\/www.facebook.com\/sarasfashionacademy\" \/>\n<meta property=\"article:modified_time\" content=\"2026-04-08T04:28:13+00:00\" \/>\n<meta property=\"og:image\" content=\"https:\/\/sarasfashionacademy.com\/wp-content\/uploads\/2024\/06\/Cover-Programas-1.png\" \/>\n\t<meta property=\"og:image:width\" content=\"1080\" \/>\n\t<meta property=\"og:image:height\" content=\"1080\" \/>\n\t<meta property=\"og:image:type\" content=\"image\/png\" \/>\n<meta name=\"twitter:card\" content=\"summary_large_image\" \/>\n<meta name=\"twitter:label1\" content=\"Tempo estimado de leitura\" \/>\n\t<meta name=\"twitter:data1\" content=\"1 minuto\" \/>\n<script type=\"application\/ld+json\" class=\"yoast-schema-graph\">{\"@context\":\"https:\\\/\\\/schema.org\",\"@graph\":[{\"@type\":\"WebPage\",\"@id\":\"https:\\\/\\\/sarasfashionacademy.com\\\/pt-pt\\\/produit\\\/pt_kit-de-lancamento-pro\\\/\",\"url\":\"https:\\\/\\\/sarasfashionacademy.com\\\/pt-pt\\\/produit\\\/pt_kit-de-lancamento-pro\\\/\",\"name\":\"Kit de lan\u00e7amento PRO - Sarasfashionacademy.com\",\"isPartOf\":{\"@id\":\"https:\\\/\\\/sarasfashionacademy.com\\\/#website\"},\"primaryImageOfPage\":{\"@id\":\"https:\\\/\\\/sarasfashionacademy.com\\\/pt-pt\\\/produit\\\/pt_kit-de-lancamento-pro\\\/#primaryimage\"},\"image\":{\"@id\":\"https:\\\/\\\/sarasfashionacademy.com\\\/pt-pt\\\/produit\\\/pt_kit-de-lancamento-pro\\\/#primaryimage\"},\"thumbnailUrl\":\"https:\\\/\\\/sarasfashionacademy.com\\\/wp-content\\\/uploads\\\/2024\\\/06\\\/Cover-Programas-1.png\",\"datePublished\":\"2024-06-21T17:28:48+00:00\",\"dateModified\":\"2026-04-08T04:28:13+00:00\",\"description\":\"Kit de lan\u00e7amento PRO\",\"breadcrumb\":{\"@id\":\"https:\\\/\\\/sarasfashionacademy.com\\\/pt-pt\\\/produit\\\/pt_kit-de-lancamento-pro\\\/#breadcrumb\"},\"inLanguage\":\"pt-PT\",\"potentialAction\":[{\"@type\":\"ReadAction\",\"target\":[\"https:\\\/\\\/sarasfashionacademy.com\\\/pt-pt\\\/produit\\\/pt_kit-de-lancamento-pro\\\/\"]}]},{\"@type\":\"ImageObject\",\"inLanguage\":\"pt-PT\",\"@id\":\"https:\\\/\\\/sarasfashionacademy.com\\\/pt-pt\\\/produit\\\/pt_kit-de-lancamento-pro\\\/#primaryimage\",\"url\":\"https:\\\/\\\/sarasfashionacademy.com\\\/wp-content\\\/uploads\\\/2024\\\/06\\\/Cover-Programas-1.png\",\"contentUrl\":\"https:\\\/\\\/sarasfashionacademy.com\\\/wp-content\\\/uploads\\\/2024\\\/06\\\/Cover-Programas-1.png\",\"width\":1080,\"height\":1080},{\"@type\":\"BreadcrumbList\",\"@id\":\"https:\\\/\\\/sarasfashionacademy.com\\\/pt-pt\\\/produit\\\/pt_kit-de-lancamento-pro\\\/#breadcrumb\",\"itemListElement\":[{\"@type\":\"ListItem\",\"position\":1,\"name\":\"Accueil\",\"item\":\"https:\\\/\\\/sarasfashionacademy.com\\\/pt-pt\\\/\"},{\"@type\":\"ListItem\",\"position\":2,\"name\":\"PT_Loja\",\"item\":\"https:\\\/\\\/sarasfashionacademy.com\\\/pt-pt\\\/loja\\\/\"},{\"@type\":\"ListItem\",\"position\":3,\"name\":\"Kit de lan\u00e7amento PRO\"}]},{\"@type\":\"WebSite\",\"@id\":\"https:\\\/\\\/sarasfashionacademy.com\\\/#website\",\"url\":\"https:\\\/\\\/sarasfashionacademy.com\\\/\",\"name\":\"Sarasfashionacademy.com\",\"description\":\"R\u00e9alise ton r\u00eave en propulsant ta carri\u00e8re de mannequin professionnel.\",\"publisher\":{\"@id\":\"https:\\\/\\\/sarasfashionacademy.com\\\/#organization\"},\"potentialAction\":[{\"@type\":\"SearchAction\",\"target\":{\"@type\":\"EntryPoint\",\"urlTemplate\":\"https:\\\/\\\/sarasfashionacademy.com\\\/?s={search_term_string}\"},\"query-input\":{\"@type\":\"PropertyValueSpecification\",\"valueRequired\":true,\"valueName\":\"search_term_string\"}}],\"inLanguage\":\"pt-PT\"},{\"@type\":\"Organization\",\"@id\":\"https:\\\/\\\/sarasfashionacademy.com\\\/#organization\",\"name\":\"Sarasfashionacademy.com\",\"url\":\"https:\\\/\\\/sarasfashionacademy.com\\\/\",\"logo\":{\"@type\":\"ImageObject\",\"inLanguage\":\"pt-PT\",\"@id\":\"https:\\\/\\\/sarasfashionacademy.com\\\/#\\\/schema\\\/logo\\\/image\\\/\",\"url\":\"https:\\\/\\\/sarasfashionacademy.com\\\/wp-content\\\/uploads\\\/2023\\\/09\\\/cropped-Logo-Saras-1.jpg\",\"contentUrl\":\"https:\\\/\\\/sarasfashionacademy.com\\\/wp-content\\\/uploads\\\/2023\\\/09\\\/cropped-Logo-Saras-1.jpg\",\"width\":512,\"height\":512,\"caption\":\"Sarasfashionacademy.com\"},\"image\":{\"@id\":\"https:\\\/\\\/sarasfashionacademy.com\\\/#\\\/schema\\\/logo\\\/image\\\/\"},\"sameAs\":[\"https:\\\/\\\/www.facebook.com\\\/sarasfashionacademy\",\"https:\\\/\\\/www.instagram.com\\\/sarasfashionacademy\"]}]}<\/script>\n<!-- \/ Yoast SEO plugin. -->","yoast_head_json":{"title":"Kit de lan\u00e7amento PRO - Sarasfashionacademy.com","description":"Kit de lan\u00e7amento PRO","robots":{"index":"index","follow":"follow","max-snippet":"max-snippet:-1","max-image-preview":"max-image-preview:large","max-video-preview":"max-video-preview:-1"},"canonical":"https:\/\/sarasfashionacademy.com\/pt-pt\/produit\/pt_kit-de-lancamento-pro\/","og_locale":"pt_PT","og_type":"article","og_title":"Kit de lan\u00e7amento PRO - Sarasfashionacademy.com","og_description":"Kit de lan\u00e7amento PRO","og_url":"https:\/\/sarasfashionacademy.com\/pt-pt\/produit\/pt_kit-de-lancamento-pro\/","og_site_name":"Sarasfashionacademy.com","article_publisher":"https:\/\/www.facebook.com\/sarasfashionacademy","article_modified_time":"2026-04-08T04:28:13+00:00","og_image":[{"width":1080,"height":1080,"url":"https:\/\/sarasfashionacademy.com\/wp-content\/uploads\/2024\/06\/Cover-Programas-1.png","type":"image\/png"}],"twitter_card":"summary_large_image","twitter_misc":{"Tempo estimado de leitura":"1 minuto"},"schema":{"@context":"https:\/\/schema.org","@graph":[{"@type":"WebPage","@id":"https:\/\/sarasfashionacademy.com\/pt-pt\/produit\/pt_kit-de-lancamento-pro\/","url":"https:\/\/sarasfashionacademy.com\/pt-pt\/produit\/pt_kit-de-lancamento-pro\/","name":"Kit de lan\u00e7amento PRO - Sarasfashionacademy.com","isPartOf":{"@id":"https:\/\/sarasfashionacademy.com\/#website"},"primaryImageOfPage":{"@id":"https:\/\/sarasfashionacademy.com\/pt-pt\/produit\/pt_kit-de-lancamento-pro\/#primaryimage"},"image":{"@id":"https:\/\/sarasfashionacademy.com\/pt-pt\/produit\/pt_kit-de-lancamento-pro\/#primaryimage"},"thumbnailUrl":"https:\/\/sarasfashionacademy.com\/wp-content\/uploads\/2024\/06\/Cover-Programas-1.png","datePublished":"2024-06-21T17:28:48+00:00","dateModified":"2026-04-08T04:28:13+00:00","description":"Kit de lan\u00e7amento PRO","breadcrumb":{"@id":"https:\/\/sarasfashionacademy.com\/pt-pt\/produit\/pt_kit-de-lancamento-pro\/#breadcrumb"},"inLanguage":"pt-PT","potentialAction":[{"@type":"ReadAction","target":["https:\/\/sarasfashionacademy.com\/pt-pt\/produit\/pt_kit-de-lancamento-pro\/"]}]},{"@type":"ImageObject","inLanguage":"pt-PT","@id":"https:\/\/sarasfashionacademy.com\/pt-pt\/produit\/pt_kit-de-lancamento-pro\/#primaryimage","url":"https:\/\/sarasfashionacademy.com\/wp-content\/uploads\/2024\/06\/Cover-Programas-1.png","contentUrl":"https:\/\/sarasfashionacademy.com\/wp-content\/uploads\/2024\/06\/Cover-Programas-1.png","width":1080,"height":1080},{"@type":"BreadcrumbList","@id":"https:\/\/sarasfashionacademy.com\/pt-pt\/produit\/pt_kit-de-lancamento-pro\/#breadcrumb","itemListElement":[{"@type":"ListItem","position":1,"name":"Accueil","item":"https:\/\/sarasfashionacademy.com\/pt-pt\/"},{"@type":"ListItem","position":2,"name":"PT_Loja","item":"https:\/\/sarasfashionacademy.com\/pt-pt\/loja\/"},{"@type":"ListItem","position":3,"name":"Kit de lan\u00e7amento PRO"}]},{"@type":"WebSite","@id":"https:\/\/sarasfashionacademy.com\/#website","url":"https:\/\/sarasfashionacademy.com\/","name":"Sarasfashionacademy.com","description":"R\u00e9alise ton r\u00eave en propulsant ta carri\u00e8re de mannequin professionnel.","publisher":{"@id":"https:\/\/sarasfashionacademy.com\/#organization"},"potentialAction":[{"@type":"SearchAction","target":{"@type":"EntryPoint","urlTemplate":"https:\/\/sarasfashionacademy.com\/?s={search_term_string}"},"query-input":{"@type":"PropertyValueSpecification","valueRequired":true,"valueName":"search_term_string"}}],"inLanguage":"pt-PT"},{"@type":"Organization","@id":"https:\/\/sarasfashionacademy.com\/#organization","name":"Sarasfashionacademy.com","url":"https:\/\/sarasfashionacademy.com\/","logo":{"@type":"ImageObject","inLanguage":"pt-PT","@id":"https:\/\/sarasfashionacademy.com\/#\/schema\/logo\/image\/","url":"https:\/\/sarasfashionacademy.com\/wp-content\/uploads\/2023\/09\/cropped-Logo-Saras-1.jpg","contentUrl":"https:\/\/sarasfashionacademy.com\/wp-content\/uploads\/2023\/09\/cropped-Logo-Saras-1.jpg","width":512,"height":512,"caption":"Sarasfashionacademy.com"},"image":{"@id":"https:\/\/sarasfashionacademy.com\/#\/schema\/logo\/image\/"},"sameAs":["https:\/\/www.facebook.com\/sarasfashionacademy","https:\/\/www.instagram.com\/sarasfashionacademy"]}]}},"_links":{"self":[{"href":"https:\/\/sarasfashionacademy.com\/pt-pt\/wp-json\/wp\/v2\/product\/31183","targetHints":{"allow":["GET"]}}],"collection":[{"href":"https:\/\/sarasfashionacademy.com\/pt-pt\/wp-json\/wp\/v2\/product"}],"about":[{"href":"https:\/\/sarasfashionacademy.com\/pt-pt\/wp-json\/wp\/v2\/types\/product"}],"replies":[{"embeddable":true,"href":"https:\/\/sarasfashionacademy.com\/pt-pt\/wp-json\/wp\/v2\/comments?post=31183"}],"wp:featuredmedia":[{"embeddable":true,"href":"https:\/\/sarasfashionacademy.com\/pt-pt\/wp-json\/wp\/v2\/media\/31096"}],"wp:attachment":[{"href":"https:\/\/sarasfashionacademy.com\/pt-pt\/wp-json\/wp\/v2\/media?parent=31183"}],"wp:term":[{"taxonomy":"product_brand","embeddable":true,"href":"https:\/\/sarasfashionacademy.com\/pt-pt\/wp-json\/wp\/v2\/product_brand?post=31183"},{"taxonomy":"product_cat","embeddable":true,"href":"https:\/\/sarasfashionacademy.com\/pt-pt\/wp-json\/wp\/v2\/product_cat?post=31183"},{"taxonomy":"product_tag","embeddable":true,"href":"https:\/\/sarasfashionacademy.com\/pt-pt\/wp-json\/wp\/v2\/product_tag?post=31183"}],"curies":[{"name":"wp","href":"https:\/\/api.w.org\/{rel}","templated":true}]}}